{"id":3335,"date":"2025-08-22T06:50:02","date_gmt":"2025-08-22T06:50:02","guid":{"rendered":"https:\/\/herbergdecompagnie.nl\/?page_id=3335"},"modified":"2025-08-22T07:31:20","modified_gmt":"2025-08-22T07:31:20","slug":"hotel-alt","status":"publish","type":"page","link":"https:\/\/herbergdecompagnie.nl\/de\/hotel-oud\/","title":{"rendered":"Hotel alt"},"content":{"rendered":"<div data-elementor-type=\"wp-page\" data-elementor-id=\"3335\" class=\"elementor elementor-3335\" data-elementor-post-type=\"page\">\n\t\t\t\t<div class=\"elementor-element elementor-element-9e72c44 e-flex e-con-boxed elementor-invisible e-con e-parent\" data-id=\"9e72c44\" data-element_type=\"container\" data-e-type=\"container\" data-settings=\"{&quot;background_background&quot;:&quot;classic&quot;,&quot;animation&quot;:&quot;fadeIn&quot;}\">\n\t\t\t\t\t<div class=\"e-con-inner\">\n\t\t<div class=\"elementor-element elementor-element-79c047a e-con-full e-flex e-con e-child\" data-id=\"79c047a\" data-element_type=\"container\" data-e-type=\"container\">\n\t\t<div class=\"elementor-element elementor-element-35d2b1a e-con-full e-flex elementor-invisible e-con e-child\" data-id=\"35d2b1a\" data-element_type=\"container\" data-e-type=\"container\" data-settings=\"{&quot;animation&quot;:&quot;fadeInUp&quot;}\">\n\t\t<div class=\"elementor-element elementor-element-0e52da8 e-con-full e-flex e-con e-child\" data-id=\"0e52da8\" data-element_type=\"container\" data-e-type=\"container\">\n\t\t\t\t<div class=\"elementor-element elementor-element-5963a49 elementor-widget elementor-widget-text-editor\" data-id=\"5963a49\" data-element_type=\"widget\" data-e-type=\"widget\" data-widget_type=\"text-editor.default\">\n\t\t\t\t<div class=\"elementor-widget-container\">\n\t\t\t\t\t\t\t\t\t<p>Rufen Sie uns an f\u00fcr eine Reservierung<\/p>\t\t\t\t\t\t\t\t<\/div>\n\t\t\t\t<\/div>\n\t\t\t\t<div class=\"elementor-element elementor-element-ee0bdb5 elementor-align-center elementor-hidden-desktop elementor-hidden-tablet elementor-hidden-mobile elementor-widget elementor-widget-button\" data-id=\"ee0bdb5\" data-element_type=\"widget\" data-e-type=\"widget\" data-widget_type=\"button.default\">\n\t\t\t\t<div class=\"elementor-widget-container\">\n\t\t\t\t\t\t\t\t\t<div class=\"elementor-button-wrapper\">\n\t\t\t\t\t<a class=\"elementor-button elementor-button-link elementor-size-xl\" href=\"https:\/\/direct-book.com\/properties\/herbergdecompagnie\" target=\"_blank\" rel=\"noopener\">\n\t\t\t\t\t\t<span class=\"elementor-button-content-wrapper\">\n\t\t\t\t\t\t\t\t\t<span class=\"elementor-button-text\">Ein Zimmer reservieren<\/span>\n\t\t\t\t\t<\/span>\n\t\t\t\t\t<\/a>\n\t\t\t\t<\/div>\n\t\t\t\t\t\t\t\t<\/div>\n\t\t\t\t<\/div>\n\t\t\t\t<\/div>\n\t\t\t\t<\/div>\n\t\t\t\t<\/div>\n\t\t\t\t\t<\/div>\n\t\t\t\t<\/div>\n\t\t\t\t<section class=\"elementor-section elementor-top-section elementor-element elementor-element-fb64d96 elementor-section-content-middle elementor-section-boxed elementor-section-height-default elementor-section-height-default\" data-id=\"fb64d96\" data-element_type=\"section\" data-e-type=\"section\" data-settings=\"{&quot;background_background&quot;:&quot;classic&quot;}\">\n\t\t\t\t\t\t<div class=\"elementor-container elementor-column-gap-no\">\n\t\t\t\t\t<div class=\"elementor-column elementor-col-50 elementor-top-column elementor-element elementor-element-95618dc\" data-id=\"95618dc\" data-element_type=\"column\" data-e-type=\"column\">\n\t\t\t<div class=\"elementor-widget-wrap elementor-element-populated\">\n\t\t\t\t\t\t<div class=\"elementor-element elementor-element-1fe22eb elementor-widget elementor-widget-gallery\" data-id=\"1fe22eb\" data-element_type=\"widget\" data-e-type=\"widget\" data-settings=\"{&quot;columns&quot;:1,&quot;columns_tablet&quot;:1,&quot;lazyload&quot;:&quot;yes&quot;,&quot;gallery_layout&quot;:&quot;grid&quot;,&quot;columns_mobile&quot;:1,&quot;gap&quot;:{&quot;unit&quot;:&quot;px&quot;,&quot;size&quot;:10,&quot;sizes&quot;:[]},&quot;gap_widescreen&quot;:{&quot;unit&quot;:&quot;px&quot;,&quot;size&quot;:&quot;&quot;,&quot;sizes&quot;:[]},&quot;gap_laptop&quot;:{&quot;unit&quot;:&quot;px&quot;,&quot;size&quot;:10,&quot;sizes&quot;:[]},&quot;gap_tablet&quot;:{&quot;unit&quot;:&quot;px&quot;,&quot;size&quot;:10,&quot;sizes&quot;:[]},&quot;gap_mobile&quot;:{&quot;unit&quot;:&quot;px&quot;,&quot;size&quot;:10,&quot;sizes&quot;:[]},&quot;link_to&quot;:&quot;file&quot;,&quot;aspect_ratio&quot;:&quot;3:2&quot;,&quot;overlay_background&quot;:&quot;yes&quot;,&quot;content_hover_animation&quot;:&quot;fade-in&quot;}\" data-widget_type=\"gallery.default\">\n\t\t\t\t<div class=\"elementor-widget-container\">\n\t\t\t\t\t\t\t<div class=\"elementor-gallery__container\">\n\t\t\t\t\t\t\t<a class=\"e-gallery-item elementor-gallery-item elementor-animated-content\" href=\"https:\/\/herbergdecompagnie.nl\/wp-content\/uploads\/2019\/02\/20180407_0033.jpg\" data-elementor-open-lightbox=\"yes\" data-elementor-lightbox-slideshow=\"1fe22eb\" data-e-action-hash=\"#elementor-action%3Aaction%3Dlightbox%26settings%3DeyJpZCI6ODYsInVybCI6Imh0dHBzOlwvXC9oZXJiZXJnZGVjb21wYWduaWUubmxcL3dwLWNvbnRlbnRcL3VwbG9hZHNcLzIwMTlcLzAyXC8yMDE4MDQwN18wMDMzLmpwZyIsInNsaWRlc2hvdyI6IjFmZTIyZWIifQ%3D%3D\">\n\t\t\t\t\t<div class=\"e-gallery-image elementor-gallery-item__image\" data-thumbnail=\"https:\/\/herbergdecompagnie.nl\/wp-content\/uploads\/2019\/02\/20180407_0033-1024x683.jpg\" data-width=\"800\" data-height=\"534\" aria-label=\"Schlafzimmer im Hotel 1\" role=\"img\" ><\/div>\n\t\t\t\t\t\t\t\t\t\t\t<div class=\"elementor-gallery-item__overlay\"><\/div>\n\t\t\t\t\t\t\t\t\t\t\t\t\t\t<\/a>\n\t\t\t\t\t<\/div>\n\t\t\t\t\t<\/div>\n\t\t\t\t<\/div>\n\t\t\t\t\t<\/div>\n\t\t<\/div>\n\t\t\t\t<div class=\"elementor-column elementor-col-50 elementor-top-column elementor-element elementor-element-a50943d\" data-id=\"a50943d\" data-element_type=\"column\" data-e-type=\"column\">\n\t\t\t<div class=\"elementor-widget-wrap elementor-element-populated\">\n\t\t\t\t\t\t<div class=\"elementor-element elementor-element-d347f91 elementor-widget elementor-widget-heading\" data-id=\"d347f91\" data-element_type=\"widget\" data-e-type=\"widget\" data-widget_type=\"heading.default\">\n\t\t\t\t<div class=\"elementor-widget-container\">\n\t\t\t\t\t<h2 class=\"elementor-heading-title elementor-size-default\">Einzigartiges Hotel in Enkhuizen<\/h2>\t\t\t\t<\/div>\n\t\t\t\t<\/div>\n\t\t\t\t<div class=\"elementor-element elementor-element-a29ff5a elementor-widget__width-initial elementor-widget elementor-widget-text-editor\" data-id=\"a29ff5a\" data-element_type=\"widget\" data-e-type=\"widget\" data-widget_type=\"text-editor.default\">\n\t\t\t\t<div class=\"elementor-widget-container\">\n\t\t\t\t\t\t\t\t\t<p>Das Gasthaus de Compagnie ist nicht nur ein sch\u00f6nes <a href=\"\/de\/nl_nl\/restaurant\/\">Restaurant<\/a>aber auch ein stimmungsvolles Hotel in Enkhuizen. Direkt am historischen Hafen gelegen, ist es der perfekte Ort, um in Enkhuizen zu \u00fcbernachten und den Charme Westfrieslands zu erleben. Ob Sie zur Arbeit, f\u00fcr ein Wochenende oder f\u00fcr einen besonderen Anlass kommen, hier genie\u00dfen Sie Komfort und Charakter.<\/p><h2>Bequem und charaktervoll<\/h2><p>Unser Hotel in Enkhuizen verf\u00fcgt \u00fcber 8 komfortable Zimmer, von denen jedes eine einzigartige Einrichtung hat, die zu der warmen, authentischen Atmosph\u00e4re des Gasthauses passt. Moderner Komfort geht Hand in Hand mit einer gem\u00fctlichen Einrichtung, so dass Sie sich sofort wie zu Hause f\u00fchlen. Ein guter Schlaf ist garantiert, so dass Sie am n\u00e4chsten Tag frisch und voller Energie die Umgebung erkunden k\u00f6nnen.<\/p>\t\t\t\t\t\t\t\t<\/div>\n\t\t\t\t<\/div>\n\t\t\t\t\t<\/div>\n\t\t<\/div>\n\t\t\t\t\t<\/div>\n\t\t<\/section>\n\t\t\t\t<section class=\"elementor-section elementor-top-section elementor-element elementor-element-fcbffd7 elementor-section-content-middle elementor-section-boxed elementor-section-height-default elementor-section-height-default\" data-id=\"fcbffd7\" data-element_type=\"section\" data-e-type=\"section\" data-settings=\"{&quot;background_background&quot;:&quot;classic&quot;}\">\n\t\t\t\t\t\t<div class=\"elementor-container elementor-column-gap-no\">\n\t\t\t\t\t<div class=\"elementor-column elementor-col-50 elementor-top-column elementor-element elementor-element-027a473\" data-id=\"027a473\" data-element_type=\"column\" data-e-type=\"column\">\n\t\t\t<div class=\"elementor-widget-wrap elementor-element-populated\">\n\t\t\t\t\t\t<div class=\"elementor-element elementor-element-f1f5681 elementor-widget elementor-widget-heading\" data-id=\"f1f5681\" data-element_type=\"widget\" data-e-type=\"widget\" data-widget_type=\"heading.default\">\n\t\t\t\t<div class=\"elementor-widget-container\">\n\t\t\t\t\t<h2 class=\"elementor-heading-title elementor-size-default\">Ideale Lage in Westfriesland<\/h2>\t\t\t\t<\/div>\n\t\t\t\t<\/div>\n\t\t\t\t<div class=\"elementor-element elementor-element-1e55a1d elementor-widget elementor-widget-text-editor\" data-id=\"1e55a1d\" data-element_type=\"widget\" data-e-type=\"widget\" data-widget_type=\"text-editor.default\">\n\t\t\t\t<div class=\"elementor-widget-container\">\n\t\t\t\t\t\t\t\t\t<p>Herberg de Compagnie ist der ideale Ausgangspunkt, um die Region und ihre Umgebung zu erkunden. Vom historischen Stadtzentrum von Enkhuizen bis zu den sch\u00f6nen Naturgebieten in der N\u00e4he ist alles leicht zu erreichen. Nach einem Tag voller Abenteuer ist es sch\u00f6n, in dieses sch\u00f6ne Hotel zur\u00fcckzukehren und zu entspannen.<\/p><h2>\u00dcbernachtung in Enkhuizen mit Extras<\/h2><p>Neben den komfortablen Zimmern k\u00f6nnen Sie auch auf einen gastfreundlichen Empfang und pers\u00f6nlichen Service z\u00e4hlen. Ob Sie fr\u00fch ankommen oder sp\u00e4t abreisen, wir denken mit Ihnen mit, um Ihren Aufenthalt so angenehm wie m\u00f6glich zu gestalten. Und nat\u00fcrlich k\u00f6nnen Sie jederzeit unser Restaurant nutzen, wo Sie ein leckeres Mittagessen, einen gem\u00fctlichen Drink oder ein stimmungsvolles Abendessen genie\u00dfen k\u00f6nnen.<\/p>\t\t\t\t\t\t\t\t<\/div>\n\t\t\t\t<\/div>\n\t\t\t\t\t<\/div>\n\t\t<\/div>\n\t\t\t\t<div class=\"elementor-column elementor-col-50 elementor-top-column elementor-element elementor-element-a424d49\" data-id=\"a424d49\" data-element_type=\"column\" data-e-type=\"column\">\n\t\t\t<div class=\"elementor-widget-wrap elementor-element-populated\">\n\t\t\t\t\t\t<div class=\"elementor-element elementor-element-bc77b80 elementor-widget elementor-widget-gallery\" data-id=\"bc77b80\" data-element_type=\"widget\" data-e-type=\"widget\" data-settings=\"{&quot;columns&quot;:1,&quot;columns_tablet&quot;:1,&quot;lazyload&quot;:&quot;yes&quot;,&quot;gallery_layout&quot;:&quot;grid&quot;,&quot;columns_mobile&quot;:1,&quot;gap&quot;:{&quot;unit&quot;:&quot;px&quot;,&quot;size&quot;:10,&quot;sizes&quot;:[]},&quot;gap_widescreen&quot;:{&quot;unit&quot;:&quot;px&quot;,&quot;size&quot;:&quot;&quot;,&quot;sizes&quot;:[]},&quot;gap_laptop&quot;:{&quot;unit&quot;:&quot;px&quot;,&quot;size&quot;:10,&quot;sizes&quot;:[]},&quot;gap_tablet&quot;:{&quot;unit&quot;:&quot;px&quot;,&quot;size&quot;:10,&quot;sizes&quot;:[]},&quot;gap_mobile&quot;:{&quot;unit&quot;:&quot;px&quot;,&quot;size&quot;:10,&quot;sizes&quot;:[]},&quot;link_to&quot;:&quot;file&quot;,&quot;aspect_ratio&quot;:&quot;3:2&quot;,&quot;overlay_background&quot;:&quot;yes&quot;,&quot;content_hover_animation&quot;:&quot;fade-in&quot;}\" data-widget_type=\"gallery.default\">\n\t\t\t\t<div class=\"elementor-widget-container\">\n\t\t\t\t\t\t\t<div class=\"elementor-gallery__container\">\n\t\t\t\t\t\t\t<a class=\"e-gallery-item elementor-gallery-item elementor-animated-content\" href=\"https:\/\/herbergdecompagnie.nl\/wp-content\/uploads\/2019\/02\/20180407_0090.jpg\" data-elementor-open-lightbox=\"yes\" data-elementor-lightbox-slideshow=\"bc77b80\" data-e-action-hash=\"#elementor-action%3Aaction%3Dlightbox%26settings%3DeyJpZCI6MTE3LCJ1cmwiOiJodHRwczpcL1wvaGVyYmVyZ2RlY29tcGFnbmllLm5sXC93cC1jb250ZW50XC91cGxvYWRzXC8yMDE5XC8wMlwvMjAxODA0MDdfMDA5MC5qcGciLCJzbGlkZXNob3ciOiJiYzc3YjgwIn0%3D\">\n\t\t\t\t\t<div class=\"e-gallery-image elementor-gallery-item__image\" data-thumbnail=\"https:\/\/herbergdecompagnie.nl\/wp-content\/uploads\/2019\/02\/20180407_0090-1024x683.jpg\" data-width=\"800\" data-height=\"534\" aria-label=\"Hotel de Compagnie\" role=\"img\" ><\/div>\n\t\t\t\t\t\t\t\t\t\t\t<div class=\"elementor-gallery-item__overlay\"><\/div>\n\t\t\t\t\t\t\t\t\t\t\t\t\t\t<\/a>\n\t\t\t\t\t<\/div>\n\t\t\t\t\t<\/div>\n\t\t\t\t<\/div>\n\t\t\t\t\t<\/div>\n\t\t<\/div>\n\t\t\t\t\t<\/div>\n\t\t<\/section>\n\t\t<div class=\"elementor-element elementor-element-031ec57 e-flex e-con-boxed e-con e-parent\" data-id=\"031ec57\" data-element_type=\"container\" data-e-type=\"container\" data-settings=\"{&quot;background_background&quot;:&quot;classic&quot;}\">\n\t\t\t\t\t<div class=\"e-con-inner\">\n\t\t<div class=\"elementor-element elementor-element-d910d9b e-con-full e-flex e-con e-child\" data-id=\"d910d9b\" data-element_type=\"container\" data-e-type=\"container\">\n\t\t\t\t<div class=\"elementor-element elementor-element-450c6aa elementor-widget elementor-widget-image\" data-id=\"450c6aa\" data-element_type=\"widget\" data-e-type=\"widget\" data-widget_type=\"image.default\">\n\t\t\t\t<div class=\"elementor-widget-container\">\n\t\t\t\t\t\t\t\t\t\t\t\t\t\t\t<img fetchpriority=\"high\" decoding=\"async\" width=\"800\" height=\"413\" src=\"https:\/\/herbergdecompagnie.nl\/wp-content\/uploads\/2019\/02\/section-bg-4-1024x529.jpg\" class=\"attachment-large size-large wp-image-42\" alt=\"Torten\" srcset=\"https:\/\/herbergdecompagnie.nl\/wp-content\/uploads\/2019\/02\/section-bg-4-1024x529.jpg 1024w, https:\/\/herbergdecompagnie.nl\/wp-content\/uploads\/2019\/02\/section-bg-4-300x155.jpg 300w, https:\/\/herbergdecompagnie.nl\/wp-content\/uploads\/2019\/02\/section-bg-4-768x397.jpg 768w, https:\/\/herbergdecompagnie.nl\/wp-content\/uploads\/2019\/02\/section-bg-4-18x9.jpg 18w, https:\/\/herbergdecompagnie.nl\/wp-content\/uploads\/2019\/02\/section-bg-4.jpg 1220w\" sizes=\"(max-width: 800px) 100vw, 800px\" \/>\t\t\t\t\t\t\t\t\t\t\t\t\t\t\t<\/div>\n\t\t\t\t<\/div>\n\t\t\t\t<\/div>\n\t\t<div class=\"elementor-element elementor-element-0df223a e-con-full e-flex e-con e-child\" data-id=\"0df223a\" data-element_type=\"container\" data-e-type=\"container\">\n\t\t\t\t<div class=\"elementor-element elementor-element-6453028 elementor-widget elementor-widget-text-editor\" data-id=\"6453028\" data-element_type=\"widget\" data-e-type=\"widget\" data-widget_type=\"text-editor.default\">\n\t\t\t\t<div class=\"elementor-widget-container\">\n\t\t\t\t\t\t\t\t\t<h2>Perfekt f\u00fcr Gesch\u00e4ftsreisende und Touristen<\/h2><p>Unser Hotel in Enkhuizen ist f\u00fcr Touristen und Gesch\u00e4ftsreisende gleicherma\u00dfen geeignet. Die zentrale Lage und die angenehme Ausstattung machen es zu einem idealen Ort f\u00fcr alle, die in Westfriesland arbeiten oder tagen. Gleichzeitig ist es auch ein guter Ort f\u00fcr Paare, Freunde oder Familien, die einen entspannten Aufenthalt genie\u00dfen m\u00f6chten.<\/p>\t\t\t\t\t\t\t\t<\/div>\n\t\t\t\t<\/div>\n\t\t\t\t<\/div>\n\t\t\t\t\t<\/div>\n\t\t\t\t<\/div>\n\t\t\t\t<\/div>","protected":false},"excerpt":{"rendered":"<p>bel ons voor een reservering Kamer reserveren Uniek hotel in Enkhuizen Herberg de Compagnie is niet alleen een fijn restaurant, maar ook een sfeervol hotel in Enkhuizen. Gelegen aan de historische haven, is het de perfecte plek om in Enkhuizen te overnachten en de charme van West-Friesland te ervaren. Of je nu komt voor je [&hellip;]<\/p>\n","protected":false},"author":5,"featured_media":0,"parent":0,"menu_order":0,"comment_status":"closed","ping_status":"closed","template":"","meta":{"footnotes":""},"type-pagina":[],"class_list":["post-3335","page","type-page","status-publish","hentry"],"_links":{"self":[{"href":"https:\/\/herbergdecompagnie.nl\/de\/wp-json\/wp\/v2\/pages\/3335","targetHints":{"allow":["GET"]}}],"collection":[{"href":"https:\/\/herbergdecompagnie.nl\/de\/wp-json\/wp\/v2\/pages"}],"about":[{"href":"https:\/\/herbergdecompagnie.nl\/de\/wp-json\/wp\/v2\/types\/page"}],"author":[{"embeddable":true,"href":"https:\/\/herbergdecompagnie.nl\/de\/wp-json\/wp\/v2\/users\/5"}],"replies":[{"embeddable":true,"href":"https:\/\/herbergdecompagnie.nl\/de\/wp-json\/wp\/v2\/comments?post=3335"}],"version-history":[{"count":1,"href":"https:\/\/herbergdecompagnie.nl\/de\/wp-json\/wp\/v2\/pages\/3335\/revisions"}],"predecessor-version":[{"id":3336,"href":"https:\/\/herbergdecompagnie.nl\/de\/wp-json\/wp\/v2\/pages\/3335\/revisions\/3336"}],"wp:attachment":[{"href":"https:\/\/herbergdecompagnie.nl\/de\/wp-json\/wp\/v2\/media?parent=3335"}],"wp:term":[{"taxonomy":"type-pagina","embeddable":true,"href":"https:\/\/herbergdecompagnie.nl\/de\/wp-json\/wp\/v2\/type-pagina?post=3335"}],"curies":[{"name":"wp","href":"https:\/\/api.w.org\/{rel}","templated":true}]}}