{"id":2997,"date":"2025-07-11T11:27:33","date_gmt":"2025-07-11T11:27:33","guid":{"rendered":"https:\/\/herbergdecompagnie.nl\/?page_id=2997"},"modified":"2026-03-23T12:18:35","modified_gmt":"2026-03-23T12:18:35","slug":"gruppen","status":"publish","type":"page","link":"https:\/\/herbergdecompagnie.nl\/de\/groepen\/","title":{"rendered":"Gruppen"},"content":{"rendered":"<div data-elementor-type=\"wp-page\" data-elementor-id=\"2997\" class=\"elementor elementor-2997\" data-elementor-post-type=\"page\">\n\t\t\t\t<div class=\"elementor-element elementor-element-22b1612 e-flex e-con-boxed elementor-invisible e-con e-parent\" data-id=\"22b1612\" data-element_type=\"container\" data-e-type=\"container\" data-settings=\"{&quot;background_background&quot;:&quot;classic&quot;,&quot;animation&quot;:&quot;fadeIn&quot;}\">\n\t\t\t\t\t<div class=\"e-con-inner\">\n\t\t<div class=\"elementor-element elementor-element-cf8f9cf e-con-full e-flex e-con e-child\" data-id=\"cf8f9cf\" data-element_type=\"container\" data-e-type=\"container\">\n\t\t\t\t<div class=\"elementor-element elementor-element-8aa7c6c elementor-invisible elementor-widget elementor-widget-heading\" data-id=\"8aa7c6c\" data-element_type=\"widget\" data-e-type=\"widget\" data-settings=\"{&quot;_animation&quot;:&quot;fadeInUp&quot;}\" data-widget_type=\"heading.default\">\n\t\t\t\t<div class=\"elementor-widget-container\">\n\t\t\t\t\t<h1 class=\"elementor-heading-title elementor-size-default\">Eine Geburtstagsfeier, ein Betriebsausflug oder ein Treffen?<\/h1>\t\t\t\t<\/div>\n\t\t\t\t<\/div>\n\t\t\t\t<div class=\"elementor-element elementor-element-c1cd290 elementor-widget__width-initial elementor-widget elementor-widget-text-editor\" data-id=\"c1cd290\" data-element_type=\"widget\" data-e-type=\"widget\" data-widget_type=\"text-editor.default\">\n\t\t\t\t<div class=\"elementor-widget-container\">\n\t\t\t\t\t\t\t\t\t<p>Wir sind auf allen M\u00e4rkten zu Hause! M\u00f6chten Sie eine Reservierung vornehmen oder weitere Informationen erhalten? Dann werfen Sie einen Blick auf diese Seite. Haben Sie danach noch Fragen? Dann z\u00f6gern Sie nicht, uns zu kontaktieren!<\/p>\t\t\t\t\t\t\t\t<\/div>\n\t\t\t\t<\/div>\n\t\t\t\t<\/div>\n\t\t\t\t\t<\/div>\n\t\t\t\t<\/div>\n\t\t<div class=\"elementor-element elementor-element-7b533f2 e-flex e-con-boxed e-con e-parent\" data-id=\"7b533f2\" data-element_type=\"container\" data-e-type=\"container\">\n\t\t\t\t\t<div class=\"e-con-inner\">\n\t\t<div class=\"elementor-element elementor-element-782f9b7 e-con-full e-flex e-con e-child\" data-id=\"782f9b7\" data-element_type=\"container\" data-e-type=\"container\">\n\t\t\t\t<div class=\"elementor-element elementor-element-c681fd8 elementor-widget elementor-widget-image\" data-id=\"c681fd8\" data-element_type=\"widget\" data-e-type=\"widget\" data-widget_type=\"image.default\">\n\t\t\t\t<div class=\"elementor-widget-container\">\n\t\t\t\t\t\t\t\t\t\t\t\t\t\t\t<img fetchpriority=\"high\" decoding=\"async\" width=\"683\" height=\"1024\" src=\"https:\/\/herbergdecompagnie.nl\/wp-content\/uploads\/2026\/03\/Compagnie_21nov24_door_Evie_Stroomer_22-683x1024.webp\" class=\"attachment-large size-large wp-image-3847\" alt=\"\" srcset=\"https:\/\/herbergdecompagnie.nl\/wp-content\/uploads\/2026\/03\/Compagnie_21nov24_door_Evie_Stroomer_22-683x1024.webp 683w, https:\/\/herbergdecompagnie.nl\/wp-content\/uploads\/2026\/03\/Compagnie_21nov24_door_Evie_Stroomer_22-200x300.webp 200w, https:\/\/herbergdecompagnie.nl\/wp-content\/uploads\/2026\/03\/Compagnie_21nov24_door_Evie_Stroomer_22-768x1152.webp 768w, https:\/\/herbergdecompagnie.nl\/wp-content\/uploads\/2026\/03\/Compagnie_21nov24_door_Evie_Stroomer_22-1024x1536.webp 1024w, https:\/\/herbergdecompagnie.nl\/wp-content\/uploads\/2026\/03\/Compagnie_21nov24_door_Evie_Stroomer_22-8x12.webp 8w, https:\/\/herbergdecompagnie.nl\/wp-content\/uploads\/2026\/03\/Compagnie_21nov24_door_Evie_Stroomer_22.webp 1200w\" sizes=\"(max-width: 683px) 100vw, 683px\" \/>\t\t\t\t\t\t\t\t\t\t\t\t\t\t\t<\/div>\n\t\t\t\t<\/div>\n\t\t\t\t<div class=\"elementor-element elementor-element-4f8aa08 elementor-widget elementor-widget-image\" data-id=\"4f8aa08\" data-element_type=\"widget\" data-e-type=\"widget\" data-widget_type=\"image.default\">\n\t\t\t\t<div class=\"elementor-widget-container\">\n\t\t\t\t\t\t\t\t\t\t\t\t\t\t\t<img decoding=\"async\" width=\"732\" height=\"1024\" src=\"https:\/\/herbergdecompagnie.nl\/wp-content\/uploads\/2024\/12\/JOPEN-NON-IPA-ALCH.-VRIJ-732x1024.png\" class=\"attachment-large size-large wp-image-2532\" alt=\"JOPEN-NON-IPA-ALCH.-FREI\" srcset=\"https:\/\/herbergdecompagnie.nl\/wp-content\/uploads\/2024\/12\/JOPEN-NON-IPA-ALCH.-VRIJ-732x1024.png 732w, https:\/\/herbergdecompagnie.nl\/wp-content\/uploads\/2024\/12\/JOPEN-NON-IPA-ALCH.-VRIJ-214x300.png 214w, https:\/\/herbergdecompagnie.nl\/wp-content\/uploads\/2024\/12\/JOPEN-NON-IPA-ALCH.-VRIJ-9x12.png 9w, https:\/\/herbergdecompagnie.nl\/wp-content\/uploads\/2024\/12\/JOPEN-NON-IPA-ALCH.-VRIJ.png 768w\" sizes=\"(max-width: 732px) 100vw, 732px\" \/>\t\t\t\t\t\t\t\t\t\t\t\t\t\t\t<\/div>\n\t\t\t\t<\/div>\n\t\t\t\t<\/div>\n\t\t<div class=\"elementor-element elementor-element-97b81a5 e-con-full e-flex e-con e-child\" data-id=\"97b81a5\" data-element_type=\"container\" data-e-type=\"container\">\n\t\t\t\t<div class=\"elementor-element elementor-element-d506fcd elementor-widget elementor-widget-heading\" data-id=\"d506fcd\" data-element_type=\"widget\" data-e-type=\"widget\" data-widget_type=\"heading.default\">\n\t\t\t\t<div class=\"elementor-widget-container\">\n\t\t\t\t\t<h2 class=\"elementor-heading-title elementor-size-default\">Gruppen willkommen bei Herberg de Compagnie\n\n<\/h2>\t\t\t\t<\/div>\n\t\t\t\t<\/div>\n\t\t\t\t<div class=\"elementor-element elementor-element-c1ec4da elementor-widget elementor-widget-text-editor\" data-id=\"c1ec4da\" data-element_type=\"widget\" data-e-type=\"widget\" data-widget_type=\"text-editor.default\">\n\t\t\t\t<div class=\"elementor-widget-container\">\n\t\t\t\t\t\t\t\t\t<p style=\"font-weight: 400;\">Suchen Sie einen stimmungsvollen Ort f\u00fcr einen Gruppenausflug, ein Familienessen, eine Mitarbeiterfeier, einen Geburtstag, ein Jubil\u00e4um oder einen anderen Anlass? Unter\u00a0<strong>Gasthaus de Compagnie<\/strong>\u00a0dann sind Sie bei uns genau richtig! Unser Gasthaus im Herzen von Enkhuizen bietet Platz, Gastfreundschaft und viele M\u00f6glichkeiten, sich gemeinsam zu vergn\u00fcgen.<\/p><p style=\"font-weight: 400;\">Ob Sie mit einer kleinen Gruppe oder einer gro\u00dfen Gruppe kommen: Wir sorgen daf\u00fcr, dass alles bis ins kleinste Detail organisiert ist. Unsere Gruppenpakete eignen sich f\u00fcr Mittagessen, Abendessen, Getr\u00e4nke oder ganze Partyabende. Genie\u00dfen Sie k\u00f6stliche Gerichte, \u00fcberraschende Biere aus unserer eigenen Brauerei und eine lockere, gesellige Atmosph\u00e4re.<\/p><p style=\"font-weight: 400;\"><strong>Sehen Sie unsere Pakete und Preise<\/strong><\/p><p style=\"font-weight: 400;\">Wir bieten verschiedene Arrangements f\u00fcr Gruppen ab 14 Personen an. Denken Sie an gemeinsames Essen, Auswahlmen\u00fcs oder ein Walking Dinner.<br \/>Klicken Sie unten, um unsere Pakete und die entsprechenden Preise direkt einzusehen oder ein unverbindliches Angebot anzufordern.<\/p>\t\t\t\t\t\t\t\t<\/div>\n\t\t\t\t<\/div>\n\t\t\t\t<div class=\"elementor-element elementor-element-7265846 elementor-mobile-align-left elementor-widget elementor-widget-button\" data-id=\"7265846\" data-element_type=\"widget\" data-e-type=\"widget\" data-widget_type=\"button.default\">\n\t\t\t\t<div class=\"elementor-widget-container\">\n\t\t\t\t\t\t\t\t\t<div class=\"elementor-button-wrapper\">\n\t\t\t\t\t<a class=\"elementor-button elementor-button-link elementor-size-sm\" href=\"mailto:reserveringen@herbergdecompagnie.nl\" target=\"_blank\">\n\t\t\t\t\t\t<span class=\"elementor-button-content-wrapper\">\n\t\t\t\t\t\t\t\t\t<span class=\"elementor-button-text\">Buchen Sie per E-Mail: reserveringen@herbergdecompagnie.nl<\/span>\n\t\t\t\t\t<\/span>\n\t\t\t\t\t<\/a>\n\t\t\t\t<\/div>\n\t\t\t\t\t\t\t\t<\/div>\n\t\t\t\t<\/div>\n\t\t\t\t<div class=\"elementor-element elementor-element-e509772 elementor-widget elementor-widget-text-editor\" data-id=\"e509772\" data-element_type=\"widget\" data-e-type=\"widget\" data-widget_type=\"text-editor.default\">\n\t\t\t\t<div class=\"elementor-widget-container\">\n\t\t\t\t\t\t\t\t\t<p style=\"font-weight: 400;\"><strong>Individuelle Anpassung m\u00f6glich<\/strong><\/p><p style=\"font-weight: 400;\">Haben Sie spezielle W\u00fcnsche oder m\u00f6chten Sie etwas Besonderes organisieren? Wir denken gerne mit Ihnen mit! Kontaktieren Sie uns f\u00fcr ein ma\u00dfgeschneidertes Angebot.<\/p><p style=\"font-weight: 400;\">E-Mail an\u00a0<a href=\"mailto:reserveringen@herbergdecompagnie.nl\">reserveringen@herbergdecompagnie.nl<\/a><\/p><p style=\"font-weight: 400;\">Wir freuen uns, Sie in unserem Gasthaus begr\u00fc\u00dfen zu d\u00fcrfen!<\/p>\t\t\t\t\t\t\t\t<\/div>\n\t\t\t\t<\/div>\n\t\t\t\t<\/div>\n\t\t\t\t\t<\/div>\n\t\t\t\t<\/div>\n\t\t\t\t<\/div>","protected":false},"excerpt":{"rendered":"<p>Een verjaardagsfeest, bedrijfsuitje of een vergadering? Wij zijn van alle markten thuis! Wil je reserveren of meer informatie? Bekijk dan deze pagina. Heb je daarna nog vragen? Neem dan gerust contact met ons op! Groepen van harte welkom bij Herberg de Compagnie Zoek je een sfeervolle locatie voor een groepsuitje, familiediner, personeelsfeest, verjaardag, jubileum of [&hellip;]<\/p>\n","protected":false},"author":4,"featured_media":0,"parent":0,"menu_order":0,"comment_status":"closed","ping_status":"closed","template":"","meta":{"footnotes":""},"type-pagina":[],"class_list":["post-2997","page","type-page","status-publish","hentry"],"_links":{"self":[{"href":"https:\/\/herbergdecompagnie.nl\/de\/wp-json\/wp\/v2\/pages\/2997","targetHints":{"allow":["GET"]}}],"collection":[{"href":"https:\/\/herbergdecompagnie.nl\/de\/wp-json\/wp\/v2\/pages"}],"about":[{"href":"https:\/\/herbergdecompagnie.nl\/de\/wp-json\/wp\/v2\/types\/page"}],"author":[{"embeddable":true,"href":"https:\/\/herbergdecompagnie.nl\/de\/wp-json\/wp\/v2\/users\/4"}],"replies":[{"embeddable":true,"href":"https:\/\/herbergdecompagnie.nl\/de\/wp-json\/wp\/v2\/comments?post=2997"}],"version-history":[{"count":28,"href":"https:\/\/herbergdecompagnie.nl\/de\/wp-json\/wp\/v2\/pages\/2997\/revisions"}],"predecessor-version":[{"id":3914,"href":"https:\/\/herbergdecompagnie.nl\/de\/wp-json\/wp\/v2\/pages\/2997\/revisions\/3914"}],"wp:attachment":[{"href":"https:\/\/herbergdecompagnie.nl\/de\/wp-json\/wp\/v2\/media?parent=2997"}],"wp:term":[{"taxonomy":"type-pagina","embeddable":true,"href":"https:\/\/herbergdecompagnie.nl\/de\/wp-json\/wp\/v2\/type-pagina?post=2997"}],"curies":[{"name":"wp","href":"https:\/\/api.w.org\/{rel}","templated":true}]}}