{"id":17,"date":"2019-02-09T19:36:57","date_gmt":"2019-02-09T19:36:57","guid":{"rendered":"https:\/\/herbergdecompagnie.nl\/?page_id=17"},"modified":"2025-06-05T13:12:10","modified_gmt":"2025-06-05T13:12:10","slug":"uber-uns","status":"publish","type":"page","link":"https:\/\/herbergdecompagnie.nl\/de\/over-ons\/","title":{"rendered":"\u00dcber uns"},"content":{"rendered":"<div data-elementor-type=\"wp-page\" data-elementor-id=\"17\" class=\"elementor elementor-17\" data-elementor-post-type=\"page\">\n\t\t\t\t<div class=\"elementor-element elementor-element-1720564 e-flex e-con-boxed elementor-invisible e-con e-parent\" data-id=\"1720564\" data-element_type=\"container\" data-e-type=\"container\" data-settings=\"{&quot;background_background&quot;:&quot;classic&quot;,&quot;animation&quot;:&quot;fadeIn&quot;}\">\n\t\t\t\t\t<div class=\"e-con-inner\">\n\t\t<div class=\"elementor-element elementor-element-4a5629f e-con-full e-flex e-con e-child\" data-id=\"4a5629f\" data-element_type=\"container\" data-e-type=\"container\">\n\t\t\t\t<div class=\"elementor-element elementor-element-0b3ce6a elementor-invisible elementor-widget elementor-widget-heading\" data-id=\"0b3ce6a\" data-element_type=\"widget\" data-e-type=\"widget\" data-settings=\"{&quot;_animation&quot;:&quot;fadeInUp&quot;}\" data-widget_type=\"heading.default\">\n\t\t\t\t<div class=\"elementor-widget-container\">\n\t\t\t\t\t<h1 class=\"elementor-heading-title elementor-size-default\">Willkommen bei \n<br>Gasthaus de Compagnie<\/h1>\t\t\t\t<\/div>\n\t\t\t\t<\/div>\n\t\t\t\t<div class=\"elementor-element elementor-element-c9bd731 elementor-widget elementor-widget-text-editor\" data-id=\"c9bd731\" data-element_type=\"widget\" data-e-type=\"widget\" data-widget_type=\"text-editor.default\">\n\t\t\t\t<div class=\"elementor-widget-container\">\n\t\t\t\t\t\t\t\t\t<p>Herberg de Compagnie ist die Bierkneipe von Westfriesland! 26 Biere vom Fass, lustige Veranstaltungen und eine freundliche Speisekarte k\u00f6nnen Sie eine tolle Zeit hier haben!<\/p>\t\t\t\t\t\t\t\t<\/div>\n\t\t\t\t<\/div>\n\t\t\t\t<\/div>\n\t\t\t\t\t<\/div>\n\t\t\t\t<\/div>\n\t\t<div class=\"elementor-element elementor-element-91672ac e-flex e-con-boxed e-con e-parent\" data-id=\"91672ac\" data-element_type=\"container\" data-e-type=\"container\">\n\t\t\t\t\t<div class=\"e-con-inner\">\n\t\t<div class=\"elementor-element elementor-element-712f0d3 e-con-full e-flex e-con e-child\" data-id=\"712f0d3\" data-element_type=\"container\" data-e-type=\"container\">\n\t\t\t\t<div class=\"elementor-element elementor-element-c1b2f84 elementor-widget elementor-widget-image\" data-id=\"c1b2f84\" data-element_type=\"widget\" data-e-type=\"widget\" data-widget_type=\"image.default\">\n\t\t\t\t<div class=\"elementor-widget-container\">\n\t\t\t\t\t\t\t\t\t\t\t\t\t\t\t<img fetchpriority=\"high\" decoding=\"async\" width=\"683\" height=\"1024\" src=\"https:\/\/herbergdecompagnie.nl\/wp-content\/uploads\/2024\/12\/image00025-683x1024.jpg\" class=\"attachment-large size-large wp-image-2428\" alt=\"Klassischer Firmen-Burger\" srcset=\"https:\/\/herbergdecompagnie.nl\/wp-content\/uploads\/2024\/12\/image00025-683x1024.jpg 683w, https:\/\/herbergdecompagnie.nl\/wp-content\/uploads\/2024\/12\/image00025-200x300.jpg 200w, https:\/\/herbergdecompagnie.nl\/wp-content\/uploads\/2024\/12\/image00025-768x1152.jpg 768w, https:\/\/herbergdecompagnie.nl\/wp-content\/uploads\/2024\/12\/image00025-1024x1536.jpg 1024w, https:\/\/herbergdecompagnie.nl\/wp-content\/uploads\/2024\/12\/image00025-8x12.jpg 8w, https:\/\/herbergdecompagnie.nl\/wp-content\/uploads\/2024\/12\/image00025.jpg 1200w\" sizes=\"(max-width: 683px) 100vw, 683px\" \/>\t\t\t\t\t\t\t\t\t\t\t\t\t\t\t<\/div>\n\t\t\t\t<\/div>\n\t\t\t\t<\/div>\n\t\t<div class=\"elementor-element elementor-element-c85d9cf e-con-full e-flex e-con e-child\" data-id=\"c85d9cf\" data-element_type=\"container\" data-e-type=\"container\">\n\t\t\t\t<div class=\"elementor-element elementor-element-0d2ada1 elementor-hidden-mobile elementor-widget elementor-widget-heading\" data-id=\"0d2ada1\" data-element_type=\"widget\" data-e-type=\"widget\" data-widget_type=\"heading.default\">\n\t\t\t\t<div class=\"elementor-widget-container\">\n\t\t\t\t\t<h2 class=\"elementor-heading-title elementor-size-default\">Entdecken Sie die <br> Vielseitigkeit <\/h2>\t\t\t\t<\/div>\n\t\t\t\t<\/div>\n\t\t\t\t<div class=\"elementor-element elementor-element-61ccad3 elementor-hidden-desktop elementor-hidden-tablet elementor-widget elementor-widget-heading\" data-id=\"61ccad3\" data-element_type=\"widget\" data-e-type=\"widget\" data-widget_type=\"heading.default\">\n\t\t\t\t<div class=\"elementor-widget-container\">\n\t\t\t\t\t<h2 class=\"elementor-heading-title elementor-size-default\">Entdecken Sie die <br> Vielseitigkeit <\/h2>\t\t\t\t<\/div>\n\t\t\t\t<\/div>\n\t\t\t\t<div class=\"elementor-element elementor-element-edd9e63 elementor-widget elementor-widget-heading\" data-id=\"edd9e63\" data-element_type=\"widget\" data-e-type=\"widget\" data-widget_type=\"heading.default\">\n\t\t\t\t<div class=\"elementor-widget-container\">\n\t\t\t\t\t<h3 class=\"elementor-heading-title elementor-size-default\">Viele Biere<\/h3>\t\t\t\t<\/div>\n\t\t\t\t<\/div>\n\t\t\t\t<div class=\"elementor-element elementor-element-a6c434e elementor-widget elementor-widget-text-editor\" data-id=\"a6c434e\" data-element_type=\"widget\" data-e-type=\"widget\" data-widget_type=\"text-editor.default\">\n\t\t\t\t<div class=\"elementor-widget-container\">\n\t\t\t\t\t\t\t\t\t<p>Mit 26 Bierspezialit\u00e4ten vom Fass und 60 Bierspezialit\u00e4ten in der Flasche haben wir viele Geschmacksrichtungen im Angebot.\u00a0<\/p>\t\t\t\t\t\t\t\t<\/div>\n\t\t\t\t<\/div>\n\t\t\t\t<div class=\"elementor-element elementor-element-85a9d59 elementor-widget elementor-widget-heading\" data-id=\"85a9d59\" data-element_type=\"widget\" data-e-type=\"widget\" data-widget_type=\"heading.default\">\n\t\t\t\t<div class=\"elementor-widget-container\">\n\t\t\t\t\t<h3 class=\"elementor-heading-title elementor-size-default\">Spirituosen<\/h3>\t\t\t\t<\/div>\n\t\t\t\t<\/div>\n\t\t\t\t<div class=\"elementor-element elementor-element-d3db7be elementor-widget elementor-widget-text-editor\" data-id=\"d3db7be\" data-element_type=\"widget\" data-e-type=\"widget\" data-widget_type=\"text-editor.default\">\n\t\t\t\t<div class=\"elementor-widget-container\">\n\t\t\t\t\t\t\t\t\t<p>Mit vielen Cocktails, Lik\u00f6ren, Hei\u00dfgetr\u00e4nken wie z.B. Kaffeespezialit\u00e4ten, k\u00f6nnen wir Sie mit vielen Getr\u00e4nken versorgen.<\/p>\t\t\t\t\t\t\t\t<\/div>\n\t\t\t\t<\/div>\n\t\t\t\t<div class=\"elementor-element elementor-element-916bdf8 elementor-widget elementor-widget-heading\" data-id=\"916bdf8\" data-element_type=\"widget\" data-e-type=\"widget\" data-widget_type=\"heading.default\">\n\t\t\t\t<div class=\"elementor-widget-container\">\n\t\t\t\t\t<h3 class=\"elementor-heading-title elementor-size-default\">Hochwertiges Fleisch<\/h3>\t\t\t\t<\/div>\n\t\t\t\t<\/div>\n\t\t\t\t<div class=\"elementor-element elementor-element-a0b36bc elementor-widget elementor-widget-text-editor\" data-id=\"a0b36bc\" data-element_type=\"widget\" data-e-type=\"widget\" data-widget_type=\"text-editor.default\">\n\t\t\t\t<div class=\"elementor-widget-container\">\n\t\t\t\t\t\t\t\t\t<p>Mit unserem Josper Holzkohlegrill bereiten wir die idealen Steakgerichte f\u00fcr Sie zu, werfen Sie einen Blick auf unsere Speisekarte!<\/p>\t\t\t\t\t\t\t\t<\/div>\n\t\t\t\t<\/div>\n\t\t\t\t<\/div>\n\t\t\t\t\t<\/div>\n\t\t\t\t<\/div>\n\t\t<div class=\"elementor-element elementor-element-50d078c e-con-full e-flex e-con e-parent\" data-id=\"50d078c\" data-element_type=\"container\" data-e-type=\"container\">\n\t\t\t\t<div class=\"elementor-element elementor-element-d516203 elementor-cta--skin-cover elementor-widget__width-initial elementor-animated-content elementor-bg-transform elementor-bg-transform-zoom-in elementor-widget elementor-widget-call-to-action\" data-id=\"d516203\" data-element_type=\"widget\" data-e-type=\"widget\" data-widget_type=\"call-to-action.default\">\n\t\t\t\t<div class=\"elementor-widget-container\">\n\t\t\t\t\t\t\t<div class=\"elementor-cta\">\n\t\t\t\t\t<div class=\"elementor-cta__bg-wrapper\">\n\t\t\t\t<div class=\"elementor-cta__bg elementor-bg\" style=\"background-image: url(https:\/\/herbergdecompagnie.nl\/wp-content\/uploads\/2024\/12\/HDC-Menukaart_voorjaar2024_NL-33.jpg);\" role=\"img\" aria-label=\"HDC - Men\u00fckarte_Feder2024_NL-33\"><\/div>\n\t\t\t\t<div class=\"elementor-cta__bg-overlay\"><\/div>\n\t\t\t<\/div>\n\t\t\t\t\t\t\t<div class=\"elementor-cta__content\">\n\t\t\t\t\n\t\t\t\t\t\t\t\t\t<h2 class=\"elementor-cta__title elementor-cta__content-item elementor-content-item elementor-animated-item--exit-to-left\">\n\t\t\t\t\t\tVorspeisen\t\t\t\t\t<\/h2>\n\t\t\t\t\n\t\t\t\t\t\t\t\t\t<div class=\"elementor-cta__description elementor-cta__content-item elementor-content-item elementor-animated-item--exit-to-left\">\n\t\t\t\t\t\tMit Suppen und sowohl Fisch, Fleisch und vegetarisch\t\t\t\t\t<\/div>\n\t\t\t\t\n\t\t\t\t\t\t\t<\/div>\n\t\t\t\t\t\t<\/div>\n\t\t\t\t\t\t<\/div>\n\t\t\t\t<\/div>\n\t\t\t\t<div class=\"elementor-element elementor-element-65cf45c elementor-cta--skin-cover elementor-widget__width-initial elementor-animated-content elementor-bg-transform elementor-bg-transform-zoom-in elementor-widget elementor-widget-call-to-action\" data-id=\"65cf45c\" data-element_type=\"widget\" data-e-type=\"widget\" data-widget_type=\"call-to-action.default\">\n\t\t\t\t<div class=\"elementor-widget-container\">\n\t\t\t\t\t\t\t<div class=\"elementor-cta\">\n\t\t\t\t\t<div class=\"elementor-cta__bg-wrapper\">\n\t\t\t\t<div class=\"elementor-cta__bg elementor-bg\" style=\"background-image: url(https:\/\/herbergdecompagnie.nl\/wp-content\/uploads\/2024\/12\/HDC-Menukaart_voorjaar2024_NL-7.jpg);\" role=\"img\" aria-label=\"HDC - Men\u00fckarte_Feder2024_NL-7\"><\/div>\n\t\t\t\t<div class=\"elementor-cta__bg-overlay\"><\/div>\n\t\t\t<\/div>\n\t\t\t\t\t\t\t<div class=\"elementor-cta__content\">\n\t\t\t\t\n\t\t\t\t\t\t\t\t\t<h2 class=\"elementor-cta__title elementor-cta__content-item elementor-content-item elementor-animated-item--exit-to-left\">\n\t\t\t\t\t\tAbendessen\t\t\t\t\t<\/h2>\n\t\t\t\t\n\t\t\t\t\t\t\t\t\t<div class=\"elementor-cta__description elementor-cta__content-item elementor-content-item elementor-animated-item--exit-to-left\">\n\t\t\t\t\t\tLeckere Gerichte\t\t\t\t\t<\/div>\n\t\t\t\t\n\t\t\t\t\t\t\t<\/div>\n\t\t\t\t\t\t<\/div>\n\t\t\t\t\t\t<\/div>\n\t\t\t\t<\/div>\n\t\t\t\t<div class=\"elementor-element elementor-element-0f561b7 elementor-cta--skin-cover elementor-widget__width-initial elementor-animated-content elementor-bg-transform elementor-bg-transform-zoom-in elementor-widget elementor-widget-call-to-action\" data-id=\"0f561b7\" data-element_type=\"widget\" data-e-type=\"widget\" data-widget_type=\"call-to-action.default\">\n\t\t\t\t<div class=\"elementor-widget-container\">\n\t\t\t\t\t\t\t<div class=\"elementor-cta\">\n\t\t\t\t\t<div class=\"elementor-cta__bg-wrapper\">\n\t\t\t\t<div class=\"elementor-cta__bg elementor-bg\" style=\"background-image: url(https:\/\/herbergdecompagnie.nl\/wp-content\/uploads\/2024\/12\/Cocktails-682x1024.jpg);\" role=\"img\" aria-label=\"Cocktails\"><\/div>\n\t\t\t\t<div class=\"elementor-cta__bg-overlay\"><\/div>\n\t\t\t<\/div>\n\t\t\t\t\t\t\t<div class=\"elementor-cta__content\">\n\t\t\t\t\n\t\t\t\t\t\t\t\t\t<h2 class=\"elementor-cta__title elementor-cta__content-item elementor-content-item elementor-animated-item--exit-to-left\">\n\t\t\t\t\t\tGetr\u00e4nke\t\t\t\t\t<\/h2>\n\t\t\t\t\n\t\t\t\t\t\t\t\t\t<div class=\"elementor-cta__description elementor-cta__content-item elementor-content-item elementor-animated-item--exit-to-left\">\n\t\t\t\t\t\tEine umfangreiche Bierkarte, Cocktails und mehr!\t\t\t\t\t<\/div>\n\t\t\t\t\n\t\t\t\t\t\t\t<\/div>\n\t\t\t\t\t\t<\/div>\n\t\t\t\t\t\t<\/div>\n\t\t\t\t<\/div>\n\t\t\t\t<div class=\"elementor-element elementor-element-80d3a26 elementor-cta--skin-cover elementor-widget__width-initial elementor-animated-content elementor-bg-transform elementor-bg-transform-zoom-in elementor-widget elementor-widget-call-to-action\" data-id=\"80d3a26\" data-element_type=\"widget\" data-e-type=\"widget\" data-widget_type=\"call-to-action.default\">\n\t\t\t\t<div class=\"elementor-widget-container\">\n\t\t\t\t\t\t\t<div class=\"elementor-cta\">\n\t\t\t\t\t<div class=\"elementor-cta__bg-wrapper\">\n\t\t\t\t<div class=\"elementor-cta__bg elementor-bg\" style=\"background-image: url(https:\/\/herbergdecompagnie.nl\/wp-content\/uploads\/2024\/12\/HDC-Menukaart_voorjaar2024_NL-8.jpg);\" role=\"img\" aria-label=\"HDC - Men\u00fckarte_Feder2024_NL-8\"><\/div>\n\t\t\t\t<div class=\"elementor-cta__bg-overlay\"><\/div>\n\t\t\t<\/div>\n\t\t\t\t\t\t\t<div class=\"elementor-cta__content\">\n\t\t\t\t\n\t\t\t\t\t\t\t\t\t<h2 class=\"elementor-cta__title elementor-cta__content-item elementor-content-item elementor-animated-item--exit-to-left\">\n\t\t\t\t\t\tB\u00fcrger\t\t\t\t\t<\/h2>\n\t\t\t\t\n\t\t\t\t\t\t\t\t\t<div class=\"elementor-cta__description elementor-cta__content-item elementor-content-item elementor-animated-item--exit-to-left\">\n\t\t\t\t\t\tSowohl vegetarisch als auch normal\t\t\t\t\t<\/div>\n\t\t\t\t\n\t\t\t\t\t\t\t<\/div>\n\t\t\t\t\t\t<\/div>\n\t\t\t\t\t\t<\/div>\n\t\t\t\t<\/div>\n\t\t\t\t<\/div>\n\t\t<div class=\"elementor-element elementor-element-25f9a76 e-flex e-con-boxed elementor-invisible e-con e-parent\" data-id=\"25f9a76\" data-element_type=\"container\" data-e-type=\"container\" data-settings=\"{&quot;animation&quot;:&quot;fadeIn&quot;}\">\n\t\t\t\t\t<div class=\"e-con-inner\">\n\t\t<div class=\"elementor-element elementor-element-327d58b e-con-full e-flex e-con e-child\" data-id=\"327d58b\" data-element_type=\"container\" data-e-type=\"container\">\n\t\t\t\t<div class=\"elementor-element elementor-element-5fd6df6 elementor-widget elementor-widget-heading\" data-id=\"5fd6df6\" data-element_type=\"widget\" data-e-type=\"widget\" data-widget_type=\"heading.default\">\n\t\t\t\t<div class=\"elementor-widget-container\">\n\t\t\t\t\t<h2 class=\"elementor-heading-title elementor-size-default\">Ein Eindruck von unserem <span style=\"color:#c38421\">Gasthaus<\/span><\/h2>\t\t\t\t<\/div>\n\t\t\t\t<\/div>\n\t\t\t\t<div class=\"elementor-element elementor-element-b77fd64 elementor-widget elementor-widget-text-editor\" data-id=\"b77fd64\" data-element_type=\"widget\" data-e-type=\"widget\" data-widget_type=\"text-editor.default\">\n\t\t\t\t<div class=\"elementor-widget-container\">\n\t\t\t\t\t\t\t\t\t<p>Entdecken Sie die einzigartige Atmosph\u00e4re einer echten braunen, rein holl\u00e4ndischen Kneipe und Gastst\u00e4tte.<\/p>\t\t\t\t\t\t\t\t<\/div>\n\t\t\t\t<\/div>\n\t\t\t\t<div class=\"elementor-element elementor-element-2ce0ca7 elementor-widget elementor-widget-gallery\" data-id=\"2ce0ca7\" data-element_type=\"widget\" data-e-type=\"widget\" data-settings=\"{&quot;columns&quot;:3,&quot;lazyload&quot;:&quot;yes&quot;,&quot;gallery_layout&quot;:&quot;grid&quot;,&quot;columns_tablet&quot;:2,&quot;columns_mobile&quot;:1,&quot;gap&quot;:{&quot;unit&quot;:&quot;px&quot;,&quot;size&quot;:10,&quot;sizes&quot;:[]},&quot;gap_widescreen&quot;:{&quot;unit&quot;:&quot;px&quot;,&quot;size&quot;:&quot;&quot;,&quot;sizes&quot;:[]},&quot;gap_laptop&quot;:{&quot;unit&quot;:&quot;px&quot;,&quot;size&quot;:10,&quot;sizes&quot;:[]},&quot;gap_tablet&quot;:{&quot;unit&quot;:&quot;px&quot;,&quot;size&quot;:10,&quot;sizes&quot;:[]},&quot;gap_mobile&quot;:{&quot;unit&quot;:&quot;px&quot;,&quot;size&quot;:10,&quot;sizes&quot;:[]},&quot;link_to&quot;:&quot;file&quot;,&quot;aspect_ratio&quot;:&quot;3:2&quot;,&quot;overlay_background&quot;:&quot;yes&quot;,&quot;content_hover_animation&quot;:&quot;fade-in&quot;}\" data-widget_type=\"gallery.default\">\n\t\t\t\t<div class=\"elementor-widget-container\">\n\t\t\t\t\t\t\t<div class=\"elementor-gallery__container\">\n\t\t\t\t\t\t\t<a class=\"e-gallery-item elementor-gallery-item elementor-animated-content\" href=\"https:\/\/herbergdecompagnie.nl\/wp-content\/uploads\/2022\/03\/DSC_6034.jpg\" data-elementor-open-lightbox=\"yes\" data-elementor-lightbox-slideshow=\"2ce0ca7\" data-e-action-hash=\"#elementor-action%3Aaction%3Dlightbox%26settings%3DeyJpZCI6MTYwMCwidXJsIjoiaHR0cHM6XC9cL2hlcmJlcmdkZWNvbXBhZ25pZS5ubFwvd3AtY29udGVudFwvdXBsb2Fkc1wvMjAyMlwvMDNcL0RTQ182MDM0LmpwZyIsInNsaWRlc2hvdyI6IjJjZTBjYTcifQ%3D%3D\">\n\t\t\t\t\t<div class=\"e-gallery-image elementor-gallery-item__image\" data-thumbnail=\"https:\/\/herbergdecompagnie.nl\/wp-content\/uploads\/2022\/03\/DSC_6034-768x432.jpg\" data-width=\"768\" data-height=\"432\" aria-label=\"Gasthaus de Compagnie in Enkuizen\" role=\"img\" ><\/div>\n\t\t\t\t\t\t\t\t\t\t\t<div class=\"elementor-gallery-item__overlay\"><\/div>\n\t\t\t\t\t\t\t\t\t\t\t\t\t\t<\/a>\n\t\t\t\t\t\t\t<a class=\"e-gallery-item elementor-gallery-item elementor-animated-content\" href=\"https:\/\/herbergdecompagnie.nl\/wp-content\/uploads\/2022\/03\/DSC_6037.jpg\" data-elementor-open-lightbox=\"yes\" data-elementor-lightbox-slideshow=\"2ce0ca7\" data-e-action-hash=\"#elementor-action%3Aaction%3Dlightbox%26settings%3DeyJpZCI6MTYwMSwidXJsIjoiaHR0cHM6XC9cL2hlcmJlcmdkZWNvbXBhZ25pZS5ubFwvd3AtY29udGVudFwvdXBsb2Fkc1wvMjAyMlwvMDNcL0RTQ182MDM3LmpwZyIsInNsaWRlc2hvdyI6IjJjZTBjYTcifQ%3D%3D\">\n\t\t\t\t\t<div class=\"e-gallery-image elementor-gallery-item__image\" data-thumbnail=\"https:\/\/herbergdecompagnie.nl\/wp-content\/uploads\/2022\/03\/DSC_6037-768x432.jpg\" data-width=\"768\" data-height=\"432\" aria-label=\"Gasthaus de Compagnie in Enkuizen\" role=\"img\" ><\/div>\n\t\t\t\t\t\t\t\t\t\t\t<div class=\"elementor-gallery-item__overlay\"><\/div>\n\t\t\t\t\t\t\t\t\t\t\t\t\t\t<\/a>\n\t\t\t\t\t\t\t<a class=\"e-gallery-item elementor-gallery-item elementor-animated-content\" href=\"https:\/\/herbergdecompagnie.nl\/wp-content\/uploads\/2022\/03\/DSC_6042.jpg\" data-elementor-open-lightbox=\"yes\" data-elementor-lightbox-slideshow=\"2ce0ca7\" data-e-action-hash=\"#elementor-action%3Aaction%3Dlightbox%26settings%3DeyJpZCI6MTYwMiwidXJsIjoiaHR0cHM6XC9cL2hlcmJlcmdkZWNvbXBhZ25pZS5ubFwvd3AtY29udGVudFwvdXBsb2Fkc1wvMjAyMlwvMDNcL0RTQ182MDQyLmpwZyIsInNsaWRlc2hvdyI6IjJjZTBjYTcifQ%3D%3D\">\n\t\t\t\t\t<div class=\"e-gallery-image elementor-gallery-item__image\" data-thumbnail=\"https:\/\/herbergdecompagnie.nl\/wp-content\/uploads\/2022\/03\/DSC_6042-768x432.jpg\" data-width=\"768\" data-height=\"432\" aria-label=\"Gasthaus de Compagnie in Enkuizen\" role=\"img\" ><\/div>\n\t\t\t\t\t\t\t\t\t\t\t<div class=\"elementor-gallery-item__overlay\"><\/div>\n\t\t\t\t\t\t\t\t\t\t\t\t\t\t<\/a>\n\t\t\t\t\t\t\t<a class=\"e-gallery-item elementor-gallery-item elementor-animated-content\" href=\"https:\/\/herbergdecompagnie.nl\/wp-content\/uploads\/2022\/03\/DSC_6055.jpg\" data-elementor-open-lightbox=\"yes\" data-elementor-lightbox-slideshow=\"2ce0ca7\" data-e-action-hash=\"#elementor-action%3Aaction%3Dlightbox%26settings%3DeyJpZCI6MTYwNCwidXJsIjoiaHR0cHM6XC9cL2hlcmJlcmdkZWNvbXBhZ25pZS5ubFwvd3AtY29udGVudFwvdXBsb2Fkc1wvMjAyMlwvMDNcL0RTQ182MDU1LmpwZyIsInNsaWRlc2hvdyI6IjJjZTBjYTcifQ%3D%3D\">\n\t\t\t\t\t<div class=\"e-gallery-image elementor-gallery-item__image\" data-thumbnail=\"https:\/\/herbergdecompagnie.nl\/wp-content\/uploads\/2022\/03\/DSC_6055-768x432.jpg\" data-width=\"768\" data-height=\"432\" aria-label=\"Gasthaus de Compagnie in Enkuizen\" role=\"img\" ><\/div>\n\t\t\t\t\t\t\t\t\t\t\t<div class=\"elementor-gallery-item__overlay\"><\/div>\n\t\t\t\t\t\t\t\t\t\t\t\t\t\t<\/a>\n\t\t\t\t\t\t\t<a class=\"e-gallery-item elementor-gallery-item elementor-animated-content\" href=\"https:\/\/herbergdecompagnie.nl\/wp-content\/uploads\/2022\/03\/DSC_6062.jpg\" data-elementor-open-lightbox=\"yes\" data-elementor-lightbox-slideshow=\"2ce0ca7\" data-e-action-hash=\"#elementor-action%3Aaction%3Dlightbox%26settings%3DeyJpZCI6MTYwNSwidXJsIjoiaHR0cHM6XC9cL2hlcmJlcmdkZWNvbXBhZ25pZS5ubFwvd3AtY29udGVudFwvdXBsb2Fkc1wvMjAyMlwvMDNcL0RTQ182MDYyLmpwZyIsInNsaWRlc2hvdyI6IjJjZTBjYTcifQ%3D%3D\">\n\t\t\t\t\t<div class=\"e-gallery-image elementor-gallery-item__image\" data-thumbnail=\"https:\/\/herbergdecompagnie.nl\/wp-content\/uploads\/2022\/03\/DSC_6062-768x432.jpg\" data-width=\"768\" data-height=\"432\" aria-label=\"Gasthaus de Compagnie in Enkuizen\" role=\"img\" ><\/div>\n\t\t\t\t\t\t\t\t\t\t\t<div class=\"elementor-gallery-item__overlay\"><\/div>\n\t\t\t\t\t\t\t\t\t\t\t\t\t\t<\/a>\n\t\t\t\t\t\t\t<a class=\"e-gallery-item elementor-gallery-item elementor-animated-content\" href=\"https:\/\/herbergdecompagnie.nl\/wp-content\/uploads\/2022\/03\/DSC_6068.jpg\" data-elementor-open-lightbox=\"yes\" data-elementor-lightbox-slideshow=\"2ce0ca7\" data-e-action-hash=\"#elementor-action%3Aaction%3Dlightbox%26settings%3DeyJpZCI6MTYwNiwidXJsIjoiaHR0cHM6XC9cL2hlcmJlcmdkZWNvbXBhZ25pZS5ubFwvd3AtY29udGVudFwvdXBsb2Fkc1wvMjAyMlwvMDNcL0RTQ182MDY4LmpwZyIsInNsaWRlc2hvdyI6IjJjZTBjYTcifQ%3D%3D\">\n\t\t\t\t\t<div class=\"e-gallery-image elementor-gallery-item__image\" data-thumbnail=\"https:\/\/herbergdecompagnie.nl\/wp-content\/uploads\/2022\/03\/DSC_6068-768x432.jpg\" data-width=\"768\" data-height=\"432\" aria-label=\"Gasthaus de Compagnie in Enkuizen\" role=\"img\" ><\/div>\n\t\t\t\t\t\t\t\t\t\t\t<div class=\"elementor-gallery-item__overlay\"><\/div>\n\t\t\t\t\t\t\t\t\t\t\t\t\t\t<\/a>\n\t\t\t\t\t\t\t<a class=\"e-gallery-item elementor-gallery-item elementor-animated-content\" href=\"https:\/\/herbergdecompagnie.nl\/wp-content\/uploads\/2022\/03\/DSC_6070.jpg\" data-elementor-open-lightbox=\"yes\" data-elementor-lightbox-slideshow=\"2ce0ca7\" data-e-action-hash=\"#elementor-action%3Aaction%3Dlightbox%26settings%3DeyJpZCI6MTYwNywidXJsIjoiaHR0cHM6XC9cL2hlcmJlcmdkZWNvbXBhZ25pZS5ubFwvd3AtY29udGVudFwvdXBsb2Fkc1wvMjAyMlwvMDNcL0RTQ182MDcwLmpwZyIsInNsaWRlc2hvdyI6IjJjZTBjYTcifQ%3D%3D\">\n\t\t\t\t\t<div class=\"e-gallery-image elementor-gallery-item__image\" data-thumbnail=\"https:\/\/herbergdecompagnie.nl\/wp-content\/uploads\/2022\/03\/DSC_6070-768x432.jpg\" data-width=\"768\" data-height=\"432\" aria-label=\"Gasthaus de Compagnie\" role=\"img\" ><\/div>\n\t\t\t\t\t\t\t\t\t\t\t<div class=\"elementor-gallery-item__overlay\"><\/div>\n\t\t\t\t\t\t\t\t\t\t\t\t\t\t<\/a>\n\t\t\t\t\t\t\t<a class=\"e-gallery-item elementor-gallery-item elementor-animated-content\" href=\"https:\/\/herbergdecompagnie.nl\/wp-content\/uploads\/2022\/03\/DSC_6078.jpg\" data-elementor-open-lightbox=\"yes\" data-elementor-lightbox-slideshow=\"2ce0ca7\" data-e-action-hash=\"#elementor-action%3Aaction%3Dlightbox%26settings%3DeyJpZCI6MTYwOSwidXJsIjoiaHR0cHM6XC9cL2hlcmJlcmdkZWNvbXBhZ25pZS5ubFwvd3AtY29udGVudFwvdXBsb2Fkc1wvMjAyMlwvMDNcL0RTQ182MDc4LmpwZyIsInNsaWRlc2hvdyI6IjJjZTBjYTcifQ%3D%3D\">\n\t\t\t\t\t<div class=\"e-gallery-image elementor-gallery-item__image\" data-thumbnail=\"https:\/\/herbergdecompagnie.nl\/wp-content\/uploads\/2022\/03\/DSC_6078-768x432.jpg\" data-width=\"768\" data-height=\"432\" aria-label=\"Bierspezialit\u00e4ten-Bar\" role=\"img\" ><\/div>\n\t\t\t\t\t\t\t\t\t\t\t<div class=\"elementor-gallery-item__overlay\"><\/div>\n\t\t\t\t\t\t\t\t\t\t\t\t\t\t<\/a>\n\t\t\t\t\t\t\t<a class=\"e-gallery-item elementor-gallery-item elementor-animated-content\" href=\"https:\/\/herbergdecompagnie.nl\/wp-content\/uploads\/2022\/03\/DSC_6128.jpg\" data-elementor-open-lightbox=\"yes\" data-elementor-lightbox-slideshow=\"2ce0ca7\" data-e-action-hash=\"#elementor-action%3Aaction%3Dlightbox%26settings%3DeyJpZCI6MTYwOCwidXJsIjoiaHR0cHM6XC9cL2hlcmJlcmdkZWNvbXBhZ25pZS5ubFwvd3AtY29udGVudFwvdXBsb2Fkc1wvMjAyMlwvMDNcL0RTQ182MTI4LmpwZyIsInNsaWRlc2hvdyI6IjJjZTBjYTcifQ%3D%3D\">\n\t\t\t\t\t<div class=\"e-gallery-image elementor-gallery-item__image\" data-thumbnail=\"https:\/\/herbergdecompagnie.nl\/wp-content\/uploads\/2022\/03\/DSC_6128-768x432.jpg\" data-width=\"768\" data-height=\"432\" aria-label=\"Spielen bei Herberg de Compagnie\" role=\"img\" ><\/div>\n\t\t\t\t\t\t\t\t\t\t\t<div class=\"elementor-gallery-item__overlay\"><\/div>\n\t\t\t\t\t\t\t\t\t\t\t\t\t\t<\/a>\n\t\t\t\t\t<\/div>\n\t\t\t\t\t<\/div>\n\t\t\t\t<\/div>\n\t\t\t\t<\/div>\n\t\t\t\t\t<\/div>\n\t\t\t\t<\/div>\n\t\t<div class=\"elementor-element elementor-element-471706b e-con-full e-flex elementor-invisible e-con e-parent\" data-id=\"471706b\" data-element_type=\"container\" data-e-type=\"container\" data-settings=\"{&quot;animation&quot;:&quot;fadeIn&quot;}\">\n\t\t<div class=\"elementor-element elementor-element-c079375 e-con-full e-flex e-con e-child\" data-id=\"c079375\" data-element_type=\"container\" data-e-type=\"container\">\n\t\t\t\t<div class=\"elementor-element elementor-element-02b0d90 elementor-widget elementor-widget-google_maps\" data-id=\"02b0d90\" data-element_type=\"widget\" data-e-type=\"widget\" data-widget_type=\"google_maps.default\">\n\t\t\t\t<div class=\"elementor-widget-container\">\n\t\t\t\t\t\t\t<div class=\"elementor-custom-embed\">\n\t\t\t<iframe loading=\"lazy\"\n\t\t\t\t\tsrc=\"https:\/\/maps.google.com\/maps?q=Herberg%20de%20Compagnie%2C%20Spoorstraat%2010%2C%201601%20GG%20Enhuizen&#038;t=m&#038;z=16&#038;output=embed&#038;iwloc=near\"\n\t\t\t\t\ttitle=\"Gasthaus de Compagnie, Spoorstraat 10, 1601 GG Enhuizen\"\n\t\t\t\t\taria-label=\"Gasthaus de Compagnie, Spoorstraat 10, 1601 GG Enhuizen\"\n\t\t\t><\/iframe>\n\t\t<\/div>\n\t\t\t\t\t\t<\/div>\n\t\t\t\t<\/div>\n\t\t\t\t<\/div>\n\t\t\t\t<\/div>\n\t\t\t\t<\/div>","protected":false},"excerpt":{"rendered":"<p>Welkom bij Herberg de Compagnie Herberg de Compagnie is h\u00e9t biercafe van West-Friesland! 26 bieren van het vat, leuke evenementen en een vriendelijke kaart kan je hier prima toeven! Ontdek de veelzijdigheid Ontdek de veelzijdig-heid Vele bieren 26 speciaalbieren van de tap en 60 op de fles hebben we veel mogelijke smaken.\u00a0 Sterke dranken Met [&hellip;]<\/p>\n","protected":false},"author":1,"featured_media":0,"parent":0,"menu_order":0,"comment_status":"closed","ping_status":"closed","template":"","meta":{"footnotes":""},"type-pagina":[],"class_list":["post-17","page","type-page","status-publish","hentry"],"_links":{"self":[{"href":"https:\/\/herbergdecompagnie.nl\/de\/wp-json\/wp\/v2\/pages\/17","targetHints":{"allow":["GET"]}}],"collection":[{"href":"https:\/\/herbergdecompagnie.nl\/de\/wp-json\/wp\/v2\/pages"}],"about":[{"href":"https:\/\/herbergdecompagnie.nl\/de\/wp-json\/wp\/v2\/types\/page"}],"author":[{"embeddable":true,"href":"https:\/\/herbergdecompagnie.nl\/de\/wp-json\/wp\/v2\/users\/1"}],"replies":[{"embeddable":true,"href":"https:\/\/herbergdecompagnie.nl\/de\/wp-json\/wp\/v2\/comments?post=17"}],"version-history":[{"count":130,"href":"https:\/\/herbergdecompagnie.nl\/de\/wp-json\/wp\/v2\/pages\/17\/revisions"}],"predecessor-version":[{"id":2899,"href":"https:\/\/herbergdecompagnie.nl\/de\/wp-json\/wp\/v2\/pages\/17\/revisions\/2899"}],"wp:attachment":[{"href":"https:\/\/herbergdecompagnie.nl\/de\/wp-json\/wp\/v2\/media?parent=17"}],"wp:term":[{"taxonomy":"type-pagina","embeddable":true,"href":"https:\/\/herbergdecompagnie.nl\/de\/wp-json\/wp\/v2\/type-pagina?post=17"}],"curies":[{"name":"wp","href":"https:\/\/api.w.org\/{rel}","templated":true}]}}