{"id":1365,"date":"2022-03-03T11:44:41","date_gmt":"2022-03-03T11:44:41","guid":{"rendered":"https:\/\/herbergdecompagnie.nl\/?page_id=1365"},"modified":"2026-03-23T14:44:32","modified_gmt":"2026-03-23T14:44:32","slug":"menu","status":"publish","type":"page","link":"https:\/\/herbergdecompagnie.nl\/de\/menukaart\/","title":{"rendered":"Men\u00fckarte"},"content":{"rendered":"<div data-elementor-type=\"wp-page\" data-elementor-id=\"1365\" class=\"elementor elementor-1365\" data-elementor-post-type=\"page\">\n\t\t\t\t<div class=\"elementor-element elementor-element-6c61689 section-l section-offset e-flex e-con-boxed elementor-invisible e-con e-parent\" data-id=\"6c61689\" data-element_type=\"container\" data-e-type=\"container\" data-settings=\"{&quot;background_background&quot;:&quot;classic&quot;,&quot;animation&quot;:&quot;fadeIn&quot;}\">\n\t\t\t\t\t<div class=\"e-con-inner\">\n\t\t<div class=\"elementor-element elementor-element-5158452 e-con-full e-flex e-con e-child\" data-id=\"5158452\" data-element_type=\"container\" data-e-type=\"container\">\n\t\t<div class=\"elementor-element elementor-element-48548fb e-con-full e-flex elementor-invisible e-con e-child\" data-id=\"48548fb\" data-element_type=\"container\" data-e-type=\"container\" data-settings=\"{&quot;animation&quot;:&quot;fadeInUp&quot;}\">\n\t\t<div class=\"elementor-element elementor-element-fc5f09f e-con-full e-flex e-con e-child\" data-id=\"fc5f09f\" data-element_type=\"container\" data-e-type=\"container\">\n\t\t\t\t<div class=\"elementor-element elementor-element-a802cbe e-transform elementor-widget elementor-widget-heading\" data-id=\"a802cbe\" data-element_type=\"widget\" data-e-type=\"widget\" data-settings=\"{&quot;_transform_rotateZ_effect&quot;:{&quot;unit&quot;:&quot;px&quot;,&quot;size&quot;:-2,&quot;sizes&quot;:[]},&quot;_transform_rotateZ_effect_widescreen&quot;:{&quot;unit&quot;:&quot;deg&quot;,&quot;size&quot;:&quot;&quot;,&quot;sizes&quot;:[]},&quot;_transform_rotateZ_effect_laptop&quot;:{&quot;unit&quot;:&quot;deg&quot;,&quot;size&quot;:&quot;&quot;,&quot;sizes&quot;:[]},&quot;_transform_rotateZ_effect_tablet&quot;:{&quot;unit&quot;:&quot;deg&quot;,&quot;size&quot;:&quot;&quot;,&quot;sizes&quot;:[]},&quot;_transform_rotateZ_effect_mobile&quot;:{&quot;unit&quot;:&quot;deg&quot;,&quot;size&quot;:&quot;&quot;,&quot;sizes&quot;:[]}}\" data-widget_type=\"heading.default\">\n\t\t\t\t<div class=\"elementor-widget-container\">\n\t\t\t\t\t<h2 class=\"elementor-heading-title elementor-size-default\">Leckeres Essen<\/h2>\t\t\t\t<\/div>\n\t\t\t\t<\/div>\n\t\t\t\t<div class=\"elementor-element elementor-element-c6d6f3e elementor-widget elementor-widget-heading\" data-id=\"c6d6f3e\" data-element_type=\"widget\" data-e-type=\"widget\" data-widget_type=\"heading.default\">\n\t\t\t\t<div class=\"elementor-widget-container\">\n\t\t\t\t\t<h1 class=\"elementor-heading-title elementor-size-default\">Genie\u00dfen Sie ein umfangreiches Mittags- und Abendmen\u00fc<\/h1>\t\t\t\t<\/div>\n\t\t\t\t<\/div>\n\t\t\t\t<\/div>\n\t\t\t\t<\/div>\n\t\t\t\t<\/div>\n\t\t\t\t\t<\/div>\n\t\t\t\t<\/div>\n\t\t<div class=\"elementor-element elementor-element-05c7c3e section-l e-flex e-con-boxed e-con e-parent\" data-id=\"05c7c3e\" data-element_type=\"container\" data-e-type=\"container\">\n\t\t\t\t\t<div class=\"e-con-inner\">\n\t\t<div class=\"elementor-element elementor-element-afada1c e-con-full e-flex e-con e-child\" data-id=\"afada1c\" data-element_type=\"container\" data-e-type=\"container\">\n\t\t<div class=\"elementor-element elementor-element-fbef6ca e-con-full e-flex e-con e-child\" data-id=\"fbef6ca\" data-element_type=\"container\" data-e-type=\"container\">\n\t\t\t\t<div class=\"elementor-element elementor-element-7f4369b elementor-widget elementor-widget-image\" data-id=\"7f4369b\" data-element_type=\"widget\" data-e-type=\"widget\" data-widget_type=\"image.default\">\n\t\t\t\t<div class=\"elementor-widget-container\">\n\t\t\t\t\t\t\t\t\t\t\t\t\t\t\t<img fetchpriority=\"high\" decoding=\"async\" width=\"683\" height=\"1024\" src=\"https:\/\/herbergdecompagnie.nl\/wp-content\/uploads\/2026\/03\/Compagnie_2026_03_06_18-683x1024.webp\" class=\"attachment-large size-large wp-image-3845\" alt=\"\" srcset=\"https:\/\/herbergdecompagnie.nl\/wp-content\/uploads\/2026\/03\/Compagnie_2026_03_06_18-683x1024.webp 683w, https:\/\/herbergdecompagnie.nl\/wp-content\/uploads\/2026\/03\/Compagnie_2026_03_06_18-200x300.webp 200w, https:\/\/herbergdecompagnie.nl\/wp-content\/uploads\/2026\/03\/Compagnie_2026_03_06_18-768x1152.webp 768w, https:\/\/herbergdecompagnie.nl\/wp-content\/uploads\/2026\/03\/Compagnie_2026_03_06_18-1024x1536.webp 1024w, https:\/\/herbergdecompagnie.nl\/wp-content\/uploads\/2026\/03\/Compagnie_2026_03_06_18-8x12.webp 8w, https:\/\/herbergdecompagnie.nl\/wp-content\/uploads\/2026\/03\/Compagnie_2026_03_06_18.webp 1200w\" sizes=\"(max-width: 683px) 100vw, 683px\" \/>\t\t\t\t\t\t\t\t\t\t\t\t\t\t\t<\/div>\n\t\t\t\t<\/div>\n\t\t\t\t<\/div>\n\t\t<div class=\"elementor-element elementor-element-adeeb6a e-con-full e-flex e-con e-child\" data-id=\"adeeb6a\" data-element_type=\"container\" data-e-type=\"container\">\n\t\t\t\t<div class=\"elementor-element elementor-element-7e6f569 e-transform elementor-widget elementor-widget-heading\" data-id=\"7e6f569\" data-element_type=\"widget\" data-e-type=\"widget\" data-settings=\"{&quot;_transform_rotateZ_effect&quot;:{&quot;unit&quot;:&quot;px&quot;,&quot;size&quot;:-6,&quot;sizes&quot;:[]},&quot;_transform_rotateZ_effect_widescreen&quot;:{&quot;unit&quot;:&quot;deg&quot;,&quot;size&quot;:&quot;&quot;,&quot;sizes&quot;:[]},&quot;_transform_rotateZ_effect_laptop&quot;:{&quot;unit&quot;:&quot;deg&quot;,&quot;size&quot;:&quot;&quot;,&quot;sizes&quot;:[]},&quot;_transform_rotateZ_effect_tablet&quot;:{&quot;unit&quot;:&quot;deg&quot;,&quot;size&quot;:&quot;&quot;,&quot;sizes&quot;:[]},&quot;_transform_rotateZ_effect_mobile&quot;:{&quot;unit&quot;:&quot;deg&quot;,&quot;size&quot;:&quot;&quot;,&quot;sizes&quot;:[]}}\" data-widget_type=\"heading.default\">\n\t\t\t\t<div class=\"elementor-widget-container\">\n\t\t\t\t\t<h2 class=\"elementor-heading-title elementor-size-default\">Genie\u00dfen Sie<\/h2>\t\t\t\t<\/div>\n\t\t\t\t<\/div>\n\t\t\t\t<div class=\"elementor-element elementor-element-722fe96 elementor-widget elementor-widget-heading\" data-id=\"722fe96\" data-element_type=\"widget\" data-e-type=\"widget\" data-widget_type=\"heading.default\">\n\t\t\t\t<div class=\"elementor-widget-container\">\n\t\t\t\t\t<h3 class=\"elementor-heading-title elementor-size-default\">Fleisch, Fisch und Gem\u00fcse<\/h3>\t\t\t\t<\/div>\n\t\t\t\t<\/div>\n\t\t\t\t<div class=\"elementor-element elementor-element-a0626c7 elementor-widget elementor-widget-text-editor\" data-id=\"a0626c7\" data-element_type=\"widget\" data-e-type=\"widget\" data-widget_type=\"text-editor.default\">\n\t\t\t\t<div class=\"elementor-widget-container\">\n\t\t\t\t\t\t\t\t\t<p>Wir haben immer ein vielseitiges Men\u00fc, bei dem wir auch an die Kinder denken! Wir versuchen auch, jede Saison mit frischen Zutaten zu wechseln. Wir servieren sowohl Mittag- als auch Abendessen. Sie k\u00f6nnen auch tags\u00fcber Gerichte zum Abendessen bestellen! Auch zum Mittagessen gibt es eine gro\u00dfe Auswahl!<\/p>\t\t\t\t\t\t\t\t<\/div>\n\t\t\t\t<\/div>\n\t\t\t\t<div class=\"elementor-element elementor-element-8730d8b elementor-widget elementor-widget-button\" data-id=\"8730d8b\" data-element_type=\"widget\" data-e-type=\"widget\" data-widget_type=\"button.default\">\n\t\t\t\t<div class=\"elementor-widget-container\">\n\t\t\t\t\t\t\t\t\t<div class=\"elementor-button-wrapper\">\n\t\t\t\t\t<a class=\"elementor-button elementor-button-link elementor-size-sm\" href=\"https:\/\/herbergdecompagnie.nl\/wp-content\/uploads\/2026\/03\/2026.pdf\" target=\"_blank\">\n\t\t\t\t\t\t<span class=\"elementor-button-content-wrapper\">\n\t\t\t\t\t\t\t\t\t<span class=\"elementor-button-text\">Sehen Sie sich die Karte hier an<\/span>\n\t\t\t\t\t<\/span>\n\t\t\t\t\t<\/a>\n\t\t\t\t<\/div>\n\t\t\t\t\t\t\t\t<\/div>\n\t\t\t\t<\/div>\n\t\t\t\t<\/div>\n\t\t\t\t<\/div>\n\t\t<div class=\"elementor-element elementor-element-3da3a06 e-con-full e-flex e-con e-child\" data-id=\"3da3a06\" data-element_type=\"container\" data-e-type=\"container\">\n\t\t<div class=\"elementor-element elementor-element-895fa55 e-con-full e-flex e-con e-child\" data-id=\"895fa55\" data-element_type=\"container\" data-e-type=\"container\">\n\t\t\t\t<div class=\"elementor-element elementor-element-9065910 e-transform elementor-widget elementor-widget-heading\" data-id=\"9065910\" data-element_type=\"widget\" data-e-type=\"widget\" data-settings=\"{&quot;_transform_rotateZ_effect&quot;:{&quot;unit&quot;:&quot;px&quot;,&quot;size&quot;:-6,&quot;sizes&quot;:[]},&quot;_transform_rotateZ_effect_widescreen&quot;:{&quot;unit&quot;:&quot;deg&quot;,&quot;size&quot;:&quot;&quot;,&quot;sizes&quot;:[]},&quot;_transform_rotateZ_effect_laptop&quot;:{&quot;unit&quot;:&quot;deg&quot;,&quot;size&quot;:&quot;&quot;,&quot;sizes&quot;:[]},&quot;_transform_rotateZ_effect_tablet&quot;:{&quot;unit&quot;:&quot;deg&quot;,&quot;size&quot;:&quot;&quot;,&quot;sizes&quot;:[]},&quot;_transform_rotateZ_effect_mobile&quot;:{&quot;unit&quot;:&quot;deg&quot;,&quot;size&quot;:&quot;&quot;,&quot;sizes&quot;:[]}}\" data-widget_type=\"heading.default\">\n\t\t\t\t<div class=\"elementor-widget-container\">\n\t\t\t\t\t<h2 class=\"elementor-heading-title elementor-size-default\">Getr\u00e4nke<\/h2>\t\t\t\t<\/div>\n\t\t\t\t<\/div>\n\t\t\t\t<div class=\"elementor-element elementor-element-2699ffc elementor-widget elementor-widget-heading\" data-id=\"2699ffc\" data-element_type=\"widget\" data-e-type=\"widget\" data-widget_type=\"heading.default\">\n\t\t\t\t<div class=\"elementor-widget-container\">\n\t\t\t\t\t<h3 class=\"elementor-heading-title elementor-size-default\">F\u00fcr den echten Enthusiasten<\/h3>\t\t\t\t<\/div>\n\t\t\t\t<\/div>\n\t\t\t\t<div class=\"elementor-element elementor-element-8427018 elementor-widget elementor-widget-text-editor\" data-id=\"8427018\" data-element_type=\"widget\" data-e-type=\"widget\" data-widget_type=\"text-editor.default\">\n\t\t\t\t<div class=\"elementor-widget-container\">\n\t\t\t\t\t\t\t\t\t<p>Wir haben eine sehr gro\u00dfe (spezielle) Bierkarte. Dort geben wir auch Tipps f\u00fcr ein passendes Bier zu einem Gericht. Sie bevorzugen Wein? Wir haben auch einige Spitzenweine f\u00fcr den Weinliebhaber ausgew\u00e4hlt.\u00a0<\/p>\t\t\t\t\t\t\t\t<\/div>\n\t\t\t\t<\/div>\n\t\t\t\t<div class=\"elementor-element elementor-element-d71ff63 elementor-widget elementor-widget-button\" data-id=\"d71ff63\" data-element_type=\"widget\" data-e-type=\"widget\" data-widget_type=\"button.default\">\n\t\t\t\t<div class=\"elementor-widget-container\">\n\t\t\t\t\t\t\t\t\t<div class=\"elementor-button-wrapper\">\n\t\t\t\t\t<a class=\"elementor-button elementor-button-link elementor-size-sm\" href=\"\/de\/getrankekarte\/\" target=\"_blank\">\n\t\t\t\t\t\t<span class=\"elementor-button-content-wrapper\">\n\t\t\t\t\t\t\t\t\t<span class=\"elementor-button-text\">Weitere Informationen<\/span>\n\t\t\t\t\t<\/span>\n\t\t\t\t\t<\/a>\n\t\t\t\t<\/div>\n\t\t\t\t\t\t\t\t<\/div>\n\t\t\t\t<\/div>\n\t\t\t\t<\/div>\n\t\t<div class=\"elementor-element elementor-element-4947119 e-con-full e-flex e-con e-child\" data-id=\"4947119\" data-element_type=\"container\" data-e-type=\"container\">\n\t\t\t\t<div class=\"elementor-element elementor-element-7ff632e elementor-widget elementor-widget-image\" data-id=\"7ff632e\" data-element_type=\"widget\" data-e-type=\"widget\" data-widget_type=\"image.default\">\n\t\t\t\t<div class=\"elementor-widget-container\">\n\t\t\t\t\t\t\t\t\t\t\t\t\t\t\t<img decoding=\"async\" width=\"800\" height=\"534\" src=\"https:\/\/herbergdecompagnie.nl\/wp-content\/uploads\/2026\/03\/Compagnie_5_juni_door_Evie_Stroomer_15-1024x683.jpg\" class=\"attachment-large size-large wp-image-3581\" alt=\"\" srcset=\"https:\/\/herbergdecompagnie.nl\/wp-content\/uploads\/2026\/03\/Compagnie_5_juni_door_Evie_Stroomer_15-1024x683.jpg 1024w, https:\/\/herbergdecompagnie.nl\/wp-content\/uploads\/2026\/03\/Compagnie_5_juni_door_Evie_Stroomer_15-300x200.jpg 300w, https:\/\/herbergdecompagnie.nl\/wp-content\/uploads\/2026\/03\/Compagnie_5_juni_door_Evie_Stroomer_15-768x512.jpg 768w, https:\/\/herbergdecompagnie.nl\/wp-content\/uploads\/2026\/03\/Compagnie_5_juni_door_Evie_Stroomer_15-1536x1024.jpg 1536w, https:\/\/herbergdecompagnie.nl\/wp-content\/uploads\/2026\/03\/Compagnie_5_juni_door_Evie_Stroomer_15-18x12.jpg 18w, https:\/\/herbergdecompagnie.nl\/wp-content\/uploads\/2026\/03\/Compagnie_5_juni_door_Evie_Stroomer_15.jpg 1800w\" sizes=\"(max-width: 800px) 100vw, 800px\" \/>\t\t\t\t\t\t\t\t\t\t\t\t\t\t\t<\/div>\n\t\t\t\t<\/div>\n\t\t\t\t<\/div>\n\t\t\t\t<\/div>\n\t\t\t\t\t<\/div>\n\t\t\t\t<\/div>\n\t\t\t\t<\/div>","protected":false},"excerpt":{"rendered":"<p>Heerlijk eten Geniet van een uitgebreide lunch- en dinerkaart Genieten vlees, vis en vega We hebben altijd een veelzijdige kaart, waar we ook altijd rekening houden met de kids! We proberen daarnaast ook altijd elk seizoen te wisselen met verse ingredi\u00ebnten. Zowel voor lunch als diner kun je bij ons terecht. Daarnaast kun je bij [&hellip;]<\/p>\n","protected":false},"author":1,"featured_media":0,"parent":0,"menu_order":0,"comment_status":"closed","ping_status":"closed","template":"","meta":{"footnotes":""},"type-pagina":[],"class_list":["post-1365","page","type-page","status-publish","hentry"],"_links":{"self":[{"href":"https:\/\/herbergdecompagnie.nl\/de\/wp-json\/wp\/v2\/pages\/1365","targetHints":{"allow":["GET"]}}],"collection":[{"href":"https:\/\/herbergdecompagnie.nl\/de\/wp-json\/wp\/v2\/pages"}],"about":[{"href":"https:\/\/herbergdecompagnie.nl\/de\/wp-json\/wp\/v2\/types\/page"}],"author":[{"embeddable":true,"href":"https:\/\/herbergdecompagnie.nl\/de\/wp-json\/wp\/v2\/users\/1"}],"replies":[{"embeddable":true,"href":"https:\/\/herbergdecompagnie.nl\/de\/wp-json\/wp\/v2\/comments?post=1365"}],"version-history":[{"count":135,"href":"https:\/\/herbergdecompagnie.nl\/de\/wp-json\/wp\/v2\/pages\/1365\/revisions"}],"predecessor-version":[{"id":3967,"href":"https:\/\/herbergdecompagnie.nl\/de\/wp-json\/wp\/v2\/pages\/1365\/revisions\/3967"}],"wp:attachment":[{"href":"https:\/\/herbergdecompagnie.nl\/de\/wp-json\/wp\/v2\/media?parent=1365"}],"wp:term":[{"taxonomy":"type-pagina","embeddable":true,"href":"https:\/\/herbergdecompagnie.nl\/de\/wp-json\/wp\/v2\/type-pagina?post=1365"}],"curies":[{"name":"wp","href":"https:\/\/api.w.org\/{rel}","templated":true}]}}