{"id":13,"date":"2019-02-09T19:35:21","date_gmt":"2019-02-09T19:35:21","guid":{"rendered":"https:\/\/herbergdecompagnie.nl\/?page_id=13"},"modified":"2026-03-23T14:43:47","modified_gmt":"2026-03-23T14:43:47","slug":"getrankekarte","status":"publish","type":"page","link":"https:\/\/herbergdecompagnie.nl\/de\/drankenkaart\/","title":{"rendered":"Getr\u00e4nkekarte"},"content":{"rendered":"<div data-elementor-type=\"wp-page\" data-elementor-id=\"13\" class=\"elementor elementor-13\" data-elementor-post-type=\"page\">\n\t\t\t\t<div class=\"elementor-element elementor-element-0a9e815 section-l section-offset e-flex e-con-boxed elementor-invisible e-con e-parent\" data-id=\"0a9e815\" data-element_type=\"container\" data-e-type=\"container\" data-settings=\"{&quot;background_background&quot;:&quot;classic&quot;,&quot;animation&quot;:&quot;fadeIn&quot;}\">\n\t\t\t\t\t<div class=\"e-con-inner\">\n\t\t<div class=\"elementor-element elementor-element-845d09a e-con-full e-flex e-con e-child\" data-id=\"845d09a\" data-element_type=\"container\" data-e-type=\"container\">\n\t\t<div class=\"elementor-element elementor-element-6e64be0 e-con-full e-flex elementor-invisible e-con e-child\" data-id=\"6e64be0\" data-element_type=\"container\" data-e-type=\"container\" data-settings=\"{&quot;animation&quot;:&quot;fadeInUp&quot;}\">\n\t\t<div class=\"elementor-element elementor-element-c0a5ec9 e-con-full e-flex e-con e-child\" data-id=\"c0a5ec9\" data-element_type=\"container\" data-e-type=\"container\">\n\t\t\t\t<div class=\"elementor-element elementor-element-e71df6d e-transform elementor-widget elementor-widget-heading\" data-id=\"e71df6d\" data-element_type=\"widget\" data-e-type=\"widget\" data-settings=\"{&quot;_transform_rotateZ_effect&quot;:{&quot;unit&quot;:&quot;px&quot;,&quot;size&quot;:-2,&quot;sizes&quot;:[]},&quot;_transform_rotateZ_effect_widescreen&quot;:{&quot;unit&quot;:&quot;deg&quot;,&quot;size&quot;:&quot;&quot;,&quot;sizes&quot;:[]},&quot;_transform_rotateZ_effect_laptop&quot;:{&quot;unit&quot;:&quot;deg&quot;,&quot;size&quot;:&quot;&quot;,&quot;sizes&quot;:[]},&quot;_transform_rotateZ_effect_tablet&quot;:{&quot;unit&quot;:&quot;deg&quot;,&quot;size&quot;:&quot;&quot;,&quot;sizes&quot;:[]},&quot;_transform_rotateZ_effect_mobile&quot;:{&quot;unit&quot;:&quot;deg&quot;,&quot;size&quot;:&quot;&quot;,&quot;sizes&quot;:[]}}\" data-widget_type=\"heading.default\">\n\t\t\t\t<div class=\"elementor-widget-container\">\n\t\t\t\t\t<h2 class=\"elementor-heading-title elementor-size-default\">Getr\u00e4nke<\/h2>\t\t\t\t<\/div>\n\t\t\t\t<\/div>\n\t\t\t\t<div class=\"elementor-element elementor-element-0086a3b elementor-widget elementor-widget-heading\" data-id=\"0086a3b\" data-element_type=\"widget\" data-e-type=\"widget\" data-widget_type=\"heading.default\">\n\t\t\t\t<div class=\"elementor-widget-container\">\n\t\t\t\t\t<h1 class=\"elementor-heading-title elementor-size-default\">Einzigartiger Ort f\u00fcr einen Happen zu essen und ein Getr\u00e4nk<\/h1>\t\t\t\t<\/div>\n\t\t\t\t<\/div>\n\t\t\t\t<\/div>\n\t\t\t\t<\/div>\n\t\t\t\t<\/div>\n\t\t\t\t\t<\/div>\n\t\t\t\t<\/div>\n\t\t<div class=\"elementor-element elementor-element-b894f4e section-l e-flex e-con-boxed e-con e-parent\" data-id=\"b894f4e\" data-element_type=\"container\" data-e-type=\"container\">\n\t\t\t\t\t<div class=\"e-con-inner\">\n\t\t<div class=\"elementor-element elementor-element-88bf3c0 e-con-full e-flex e-con e-child\" data-id=\"88bf3c0\" data-element_type=\"container\" data-e-type=\"container\">\n\t\t<div class=\"elementor-element elementor-element-8b055a8 e-con-full e-flex e-con e-child\" data-id=\"8b055a8\" data-element_type=\"container\" data-e-type=\"container\">\n\t\t\t\t<div class=\"elementor-element elementor-element-1cafcfb e-transform elementor-widget elementor-widget-heading\" data-id=\"1cafcfb\" data-element_type=\"widget\" data-e-type=\"widget\" data-settings=\"{&quot;_transform_rotateZ_effect&quot;:{&quot;unit&quot;:&quot;px&quot;,&quot;size&quot;:-6,&quot;sizes&quot;:[]},&quot;_transform_rotateZ_effect_widescreen&quot;:{&quot;unit&quot;:&quot;deg&quot;,&quot;size&quot;:&quot;&quot;,&quot;sizes&quot;:[]},&quot;_transform_rotateZ_effect_laptop&quot;:{&quot;unit&quot;:&quot;deg&quot;,&quot;size&quot;:&quot;&quot;,&quot;sizes&quot;:[]},&quot;_transform_rotateZ_effect_tablet&quot;:{&quot;unit&quot;:&quot;deg&quot;,&quot;size&quot;:&quot;&quot;,&quot;sizes&quot;:[]},&quot;_transform_rotateZ_effect_mobile&quot;:{&quot;unit&quot;:&quot;deg&quot;,&quot;size&quot;:&quot;&quot;,&quot;sizes&quot;:[]}}\" data-widget_type=\"heading.default\">\n\t\t\t\t<div class=\"elementor-widget-container\">\n\t\t\t\t\t<h2 class=\"elementor-heading-title elementor-size-default\">Getr\u00e4nke<\/h2>\t\t\t\t<\/div>\n\t\t\t\t<\/div>\n\t\t\t\t<div class=\"elementor-element elementor-element-44ccf42 elementor-widget elementor-widget-heading\" data-id=\"44ccf42\" data-element_type=\"widget\" data-e-type=\"widget\" data-widget_type=\"heading.default\">\n\t\t\t\t<div class=\"elementor-widget-container\">\n\t\t\t\t\t<h3 class=\"elementor-heading-title elementor-size-default\">F\u00fcr den echten Enthusiasten<\/h3>\t\t\t\t<\/div>\n\t\t\t\t<\/div>\n\t\t\t\t<div class=\"elementor-element elementor-element-ac25f50 elementor-widget elementor-widget-text-editor\" data-id=\"ac25f50\" data-element_type=\"widget\" data-e-type=\"widget\" data-widget_type=\"text-editor.default\">\n\t\t\t\t<div class=\"elementor-widget-container\">\n\t\t\t\t\t\t\t\t\t<p>Wir sind Enkhuizens spezielles Biercaf\u00e9; wir haben eine sehr umfangreiche (spezielle) Bierkarte. Wir geben auch Tipps f\u00fcr ein passendes Bier zu einem Gericht. Sie bevorzugen Wein? Auch f\u00fcr Weinliebhaber haben wir eine Reihe von Spitzenweinen ausgew\u00e4hlt.\u00a0<\/p><p>Wir haben auch immer eine Reihe von festen Bieren vom Fass sowie wechselnde Biere vom Fass.\u00a0<\/p>\t\t\t\t\t\t\t\t<\/div>\n\t\t\t\t<\/div>\n\t\t\t\t<div class=\"elementor-element elementor-element-e011323 elementor-widget elementor-widget-heading\" data-id=\"e011323\" data-element_type=\"widget\" data-e-type=\"widget\" data-widget_type=\"heading.default\">\n\t\t\t\t<div class=\"elementor-widget-container\">\n\t\t\t\t\t<h3 class=\"elementor-heading-title elementor-size-default\">Appetitanreger<\/h3>\t\t\t\t<\/div>\n\t\t\t\t<\/div>\n\t\t\t\t<div class=\"elementor-element elementor-element-6371e13 elementor-widget elementor-widget-text-editor\" data-id=\"6371e13\" data-element_type=\"widget\" data-e-type=\"widget\" data-widget_type=\"text-editor.default\">\n\t\t\t\t<div class=\"elementor-widget-container\">\n\t\t\t\t\t\t\t\t\t<p>F\u00fcr den Hei\u00dfhunger zu sp\u00e4ter Stunde haben wir auch eine gro\u00dfe Auswahl an Appetith\u00e4ppchen, von einer luxuri\u00f6sen Vorspeisentafel bis zu frittierten H\u00e4ppchen. Sehen Sie sich die Getr\u00e4nkekarte an.<\/p>\t\t\t\t\t\t\t\t<\/div>\n\t\t\t\t<\/div>\n\t\t\t\t<div class=\"elementor-element elementor-element-4551d43 elementor-widget elementor-widget-button\" data-id=\"4551d43\" data-element_type=\"widget\" data-e-type=\"widget\" data-widget_type=\"button.default\">\n\t\t\t\t<div class=\"elementor-widget-container\">\n\t\t\t\t\t\t\t\t\t<div class=\"elementor-button-wrapper\">\n\t\t\t\t\t<a class=\"elementor-button elementor-button-link elementor-size-sm\" href=\"https:\/\/herbergdecompagnie.nl\/wp-content\/uploads\/2025\/09\/HCD_drankkaart_DIG.pdf\" target=\"_blank\">\n\t\t\t\t\t\t<span class=\"elementor-button-content-wrapper\">\n\t\t\t\t\t\t\t\t\t<span class=\"elementor-button-text\">Sehen Sie sich die Getr\u00e4nkekarte hier an<\/span>\n\t\t\t\t\t<\/span>\n\t\t\t\t\t<\/a>\n\t\t\t\t<\/div>\n\t\t\t\t\t\t\t\t<\/div>\n\t\t\t\t<\/div>\n\t\t\t\t<div class=\"elementor-element elementor-element-e94ad49 elementor-widget elementor-widget-button\" data-id=\"e94ad49\" data-element_type=\"widget\" data-e-type=\"widget\" data-widget_type=\"button.default\">\n\t\t\t\t<div class=\"elementor-widget-container\">\n\t\t\t\t\t\t\t\t\t<div class=\"elementor-button-wrapper\">\n\t\t\t\t\t<a class=\"elementor-button elementor-button-link elementor-size-sm\" href=\"https:\/\/business.untappd.com\/prints\/134675.pdf\" target=\"_blank\" rel=\"noopener\">\n\t\t\t\t\t\t<span class=\"elementor-button-content-wrapper\">\n\t\t\t\t\t\t\t\t\t<span class=\"elementor-button-text\">Hier finden Sie die festen und wechselnden Fassbiere<\/span>\n\t\t\t\t\t<\/span>\n\t\t\t\t\t<\/a>\n\t\t\t\t<\/div>\n\t\t\t\t\t\t\t\t<\/div>\n\t\t\t\t<\/div>\n\t\t\t\t<\/div>\n\t\t<div class=\"elementor-element elementor-element-669d36f e-con-full e-flex e-con e-child\" data-id=\"669d36f\" data-element_type=\"container\" data-e-type=\"container\">\n\t\t\t\t<div class=\"elementor-element elementor-element-91c9cf2 elementor-widget elementor-widget-image\" data-id=\"91c9cf2\" data-element_type=\"widget\" data-e-type=\"widget\" data-widget_type=\"image.default\">\n\t\t\t\t<div class=\"elementor-widget-container\">\n\t\t\t\t\t\t\t\t\t\t\t\t\t\t\t<img fetchpriority=\"high\" decoding=\"async\" width=\"683\" height=\"1024\" src=\"https:\/\/herbergdecompagnie.nl\/wp-content\/uploads\/2026\/03\/Compagnie_5_sept_2025_door_Evie_Stroomer_02-683x1024.webp\" class=\"attachment-large size-large wp-image-3604\" alt=\"\" srcset=\"https:\/\/herbergdecompagnie.nl\/wp-content\/uploads\/2026\/03\/Compagnie_5_sept_2025_door_Evie_Stroomer_02-683x1024.webp 683w, https:\/\/herbergdecompagnie.nl\/wp-content\/uploads\/2026\/03\/Compagnie_5_sept_2025_door_Evie_Stroomer_02-200x300.webp 200w, https:\/\/herbergdecompagnie.nl\/wp-content\/uploads\/2026\/03\/Compagnie_5_sept_2025_door_Evie_Stroomer_02-768x1152.webp 768w, https:\/\/herbergdecompagnie.nl\/wp-content\/uploads\/2026\/03\/Compagnie_5_sept_2025_door_Evie_Stroomer_02-1024x1536.webp 1024w, https:\/\/herbergdecompagnie.nl\/wp-content\/uploads\/2026\/03\/Compagnie_5_sept_2025_door_Evie_Stroomer_02-8x12.webp 8w, https:\/\/herbergdecompagnie.nl\/wp-content\/uploads\/2026\/03\/Compagnie_5_sept_2025_door_Evie_Stroomer_02.webp 1200w\" sizes=\"(max-width: 683px) 100vw, 683px\" \/>\t\t\t\t\t\t\t\t\t\t\t\t\t\t\t<\/div>\n\t\t\t\t<\/div>\n\t\t<div class=\"elementor-element elementor-element-8d4c3f5 e-con-full e-flex e-con e-child\" data-id=\"8d4c3f5\" data-element_type=\"container\" data-e-type=\"container\">\n\t\t\t\t<div class=\"elementor-element elementor-element-0c9fbc4 elementor-widget elementor-widget-image\" data-id=\"0c9fbc4\" data-element_type=\"widget\" data-e-type=\"widget\" data-widget_type=\"image.default\">\n\t\t\t\t<div class=\"elementor-widget-container\">\n\t\t\t\t\t\t\t\t\t\t\t\t\t\t\t<img decoding=\"async\" width=\"683\" height=\"1024\" src=\"https:\/\/herbergdecompagnie.nl\/wp-content\/uploads\/2026\/03\/Compagnie_door_Evie_Stroomer_11-683x1024.webp\" class=\"attachment-large size-large wp-image-3627\" alt=\"\" srcset=\"https:\/\/herbergdecompagnie.nl\/wp-content\/uploads\/2026\/03\/Compagnie_door_Evie_Stroomer_11-683x1024.webp 683w, https:\/\/herbergdecompagnie.nl\/wp-content\/uploads\/2026\/03\/Compagnie_door_Evie_Stroomer_11-200x300.webp 200w, https:\/\/herbergdecompagnie.nl\/wp-content\/uploads\/2026\/03\/Compagnie_door_Evie_Stroomer_11-768x1152.webp 768w, https:\/\/herbergdecompagnie.nl\/wp-content\/uploads\/2026\/03\/Compagnie_door_Evie_Stroomer_11-1024x1536.webp 1024w, https:\/\/herbergdecompagnie.nl\/wp-content\/uploads\/2026\/03\/Compagnie_door_Evie_Stroomer_11-8x12.webp 8w, https:\/\/herbergdecompagnie.nl\/wp-content\/uploads\/2026\/03\/Compagnie_door_Evie_Stroomer_11.webp 1200w\" sizes=\"(max-width: 683px) 100vw, 683px\" \/>\t\t\t\t\t\t\t\t\t\t\t\t\t\t\t<\/div>\n\t\t\t\t<\/div>\n\t\t\t\t<div class=\"elementor-element elementor-element-26882fd elementor-widget elementor-widget-image\" data-id=\"26882fd\" data-element_type=\"widget\" data-e-type=\"widget\" data-widget_type=\"image.default\">\n\t\t\t\t<div class=\"elementor-widget-container\">\n\t\t\t\t\t\t\t\t\t\t\t\t\t\t\t<img decoding=\"async\" width=\"800\" height=\"534\" src=\"https:\/\/herbergdecompagnie.nl\/wp-content\/uploads\/2026\/03\/Compagnie_7aug25_door_Evie_Stroomer_38-1024x683.webp\" class=\"attachment-large size-large wp-image-3857\" alt=\"\" srcset=\"https:\/\/herbergdecompagnie.nl\/wp-content\/uploads\/2026\/03\/Compagnie_7aug25_door_Evie_Stroomer_38-1024x683.webp 1024w, https:\/\/herbergdecompagnie.nl\/wp-content\/uploads\/2026\/03\/Compagnie_7aug25_door_Evie_Stroomer_38-300x200.webp 300w, https:\/\/herbergdecompagnie.nl\/wp-content\/uploads\/2026\/03\/Compagnie_7aug25_door_Evie_Stroomer_38-768x512.webp 768w, https:\/\/herbergdecompagnie.nl\/wp-content\/uploads\/2026\/03\/Compagnie_7aug25_door_Evie_Stroomer_38-1536x1024.webp 1536w, https:\/\/herbergdecompagnie.nl\/wp-content\/uploads\/2026\/03\/Compagnie_7aug25_door_Evie_Stroomer_38-18x12.webp 18w, https:\/\/herbergdecompagnie.nl\/wp-content\/uploads\/2026\/03\/Compagnie_7aug25_door_Evie_Stroomer_38.webp 1800w\" sizes=\"(max-width: 800px) 100vw, 800px\" \/>\t\t\t\t\t\t\t\t\t\t\t\t\t\t\t<\/div>\n\t\t\t\t<\/div>\n\t\t\t\t<\/div>\n\t\t\t\t<\/div>\n\t\t\t\t<\/div>\n\t\t<div class=\"elementor-element elementor-element-46cdc37 e-con-full e-flex e-con e-child\" data-id=\"46cdc37\" data-element_type=\"container\" data-e-type=\"container\">\n\t\t<div class=\"elementor-element elementor-element-6205695 e-con-full e-flex e-con e-child\" data-id=\"6205695\" data-element_type=\"container\" data-e-type=\"container\">\n\t\t\t\t<div class=\"elementor-element elementor-element-815a6aa elementor-widget elementor-widget-image\" data-id=\"815a6aa\" data-element_type=\"widget\" data-e-type=\"widget\" data-widget_type=\"image.default\">\n\t\t\t\t<div class=\"elementor-widget-container\">\n\t\t\t\t\t\t\t\t\t\t\t\t\t\t\t<img loading=\"lazy\" decoding=\"async\" width=\"683\" height=\"1024\" src=\"https:\/\/herbergdecompagnie.nl\/wp-content\/uploads\/2026\/03\/Compagnie_21nov24_door_Evie_Stroomer_22-683x1024.webp\" class=\"attachment-large size-large wp-image-3847\" alt=\"\" srcset=\"https:\/\/herbergdecompagnie.nl\/wp-content\/uploads\/2026\/03\/Compagnie_21nov24_door_Evie_Stroomer_22-683x1024.webp 683w, https:\/\/herbergdecompagnie.nl\/wp-content\/uploads\/2026\/03\/Compagnie_21nov24_door_Evie_Stroomer_22-200x300.webp 200w, https:\/\/herbergdecompagnie.nl\/wp-content\/uploads\/2026\/03\/Compagnie_21nov24_door_Evie_Stroomer_22-768x1152.webp 768w, https:\/\/herbergdecompagnie.nl\/wp-content\/uploads\/2026\/03\/Compagnie_21nov24_door_Evie_Stroomer_22-1024x1536.webp 1024w, https:\/\/herbergdecompagnie.nl\/wp-content\/uploads\/2026\/03\/Compagnie_21nov24_door_Evie_Stroomer_22-8x12.webp 8w, https:\/\/herbergdecompagnie.nl\/wp-content\/uploads\/2026\/03\/Compagnie_21nov24_door_Evie_Stroomer_22.webp 1200w\" sizes=\"(max-width: 683px) 100vw, 683px\" \/>\t\t\t\t\t\t\t\t\t\t\t\t\t\t\t<\/div>\n\t\t\t\t<\/div>\n\t\t\t\t<\/div>\n\t\t<div class=\"elementor-element elementor-element-1d52660 e-con-full e-flex e-con e-child\" data-id=\"1d52660\" data-element_type=\"container\" data-e-type=\"container\">\n\t\t\t\t<div class=\"elementor-element elementor-element-a148a80 e-transform elementor-widget elementor-widget-heading\" data-id=\"a148a80\" data-element_type=\"widget\" data-e-type=\"widget\" data-settings=\"{&quot;_transform_rotateZ_effect&quot;:{&quot;unit&quot;:&quot;px&quot;,&quot;size&quot;:-6,&quot;sizes&quot;:[]},&quot;_transform_rotateZ_effect_widescreen&quot;:{&quot;unit&quot;:&quot;deg&quot;,&quot;size&quot;:&quot;&quot;,&quot;sizes&quot;:[]},&quot;_transform_rotateZ_effect_laptop&quot;:{&quot;unit&quot;:&quot;deg&quot;,&quot;size&quot;:&quot;&quot;,&quot;sizes&quot;:[]},&quot;_transform_rotateZ_effect_tablet&quot;:{&quot;unit&quot;:&quot;deg&quot;,&quot;size&quot;:&quot;&quot;,&quot;sizes&quot;:[]},&quot;_transform_rotateZ_effect_mobile&quot;:{&quot;unit&quot;:&quot;deg&quot;,&quot;size&quot;:&quot;&quot;,&quot;sizes&quot;:[]}}\" data-widget_type=\"heading.default\">\n\t\t\t\t<div class=\"elementor-widget-container\">\n\t\t\t\t\t<h2 class=\"elementor-heading-title elementor-size-default\">Leckeres Essen<\/h2>\t\t\t\t<\/div>\n\t\t\t\t<\/div>\n\t\t\t\t<div class=\"elementor-element elementor-element-fd4a891 elementor-widget elementor-widget-heading\" data-id=\"fd4a891\" data-element_type=\"widget\" data-e-type=\"widget\" data-widget_type=\"heading.default\">\n\t\t\t\t<div class=\"elementor-widget-container\">\n\t\t\t\t\t<h3 class=\"elementor-heading-title elementor-size-default\">Auch ein kleiner Imbiss zu Ihren Getr\u00e4nken?<\/h3>\t\t\t\t<\/div>\n\t\t\t\t<\/div>\n\t\t\t\t<div class=\"elementor-element elementor-element-3d9f4c4 elementor-widget elementor-widget-text-editor\" data-id=\"3d9f4c4\" data-element_type=\"widget\" data-e-type=\"widget\" data-widget_type=\"text-editor.default\">\n\t\t\t\t<div class=\"elementor-widget-container\">\n\t\t\t\t\t\t\t\t\t<p>Wir haben immer eine vielseitige Speisekarte! Wir versuchen auch immer, jede Saison mit frischen Zutaten zu wechseln. Wir servieren sowohl Mittagessen als auch Abendessen. Sie k\u00f6nnen auch tags\u00fcber Gerichte zum Abendessen bestellen! Auch zum Mittagessen gibt es eine gro\u00dfe Auswahl!<\/p>\t\t\t\t\t\t\t\t<\/div>\n\t\t\t\t<\/div>\n\t\t\t\t<div class=\"elementor-element elementor-element-c43f130 elementor-widget elementor-widget-button\" data-id=\"c43f130\" data-element_type=\"widget\" data-e-type=\"widget\" data-widget_type=\"button.default\">\n\t\t\t\t<div class=\"elementor-widget-container\">\n\t\t\t\t\t\t\t\t\t<div class=\"elementor-button-wrapper\">\n\t\t\t\t\t<a class=\"elementor-button elementor-button-link elementor-size-sm\" href=\"https:\/\/herbergdecompagnie.nl\/wp-content\/uploads\/2026\/03\/2026.pdf\" target=\"_blank\">\n\t\t\t\t\t\t<span class=\"elementor-button-content-wrapper\">\n\t\t\t\t\t\t\t\t\t<span class=\"elementor-button-text\">Klick hier f\u00fcr die Speisekarte<\/span>\n\t\t\t\t\t<\/span>\n\t\t\t\t\t<\/a>\n\t\t\t\t<\/div>\n\t\t\t\t\t\t\t\t<\/div>\n\t\t\t\t<\/div>\n\t\t\t\t<\/div>\n\t\t\t\t<\/div>\n\t\t\t\t\t<\/div>\n\t\t\t\t<\/div>\n\t\t\t\t<\/div>","protected":false},"excerpt":{"rendered":"<p>Borrelen Unieke plek voor een hapje en drankje Dranken Voor de echte liefhebber We zijn h\u00e9t speciaalbiercaf\u00e9 van Enkhuizen; we hebben zeer ruime (speciaal)bieren kaart. Waarbij we ook tips geven voor een geschikt biertje bij een gerecht. Houd je meer van wijn? Ook hebben voor de wijn liefhebber ook een aantal topwijnen geselecteerd.\u00a0 Daarnaast hebben [&hellip;]<\/p>\n","protected":false},"author":1,"featured_media":0,"parent":0,"menu_order":0,"comment_status":"closed","ping_status":"closed","template":"","meta":{"footnotes":""},"type-pagina":[],"class_list":["post-13","page","type-page","status-publish","hentry"],"_links":{"self":[{"href":"https:\/\/herbergdecompagnie.nl\/de\/wp-json\/wp\/v2\/pages\/13","targetHints":{"allow":["GET"]}}],"collection":[{"href":"https:\/\/herbergdecompagnie.nl\/de\/wp-json\/wp\/v2\/pages"}],"about":[{"href":"https:\/\/herbergdecompagnie.nl\/de\/wp-json\/wp\/v2\/types\/page"}],"author":[{"embeddable":true,"href":"https:\/\/herbergdecompagnie.nl\/de\/wp-json\/wp\/v2\/users\/1"}],"replies":[{"embeddable":true,"href":"https:\/\/herbergdecompagnie.nl\/de\/wp-json\/wp\/v2\/comments?post=13"}],"version-history":[{"count":206,"href":"https:\/\/herbergdecompagnie.nl\/de\/wp-json\/wp\/v2\/pages\/13\/revisions"}],"predecessor-version":[{"id":3964,"href":"https:\/\/herbergdecompagnie.nl\/de\/wp-json\/wp\/v2\/pages\/13\/revisions\/3964"}],"wp:attachment":[{"href":"https:\/\/herbergdecompagnie.nl\/de\/wp-json\/wp\/v2\/media?parent=13"}],"wp:term":[{"taxonomy":"type-pagina","embeddable":true,"href":"https:\/\/herbergdecompagnie.nl\/de\/wp-json\/wp\/v2\/type-pagina?post=13"}],"curies":[{"name":"wp","href":"https:\/\/api.w.org\/{rel}","templated":true}]}}